{"id":18,"date":"2023-04-02T07:26:09","date_gmt":"2023-04-02T07:26:09","guid":{"rendered":"https:\/\/wptf.themepul.co\/ecofine\/?page_id=18"},"modified":"2023-09-05T15:07:55","modified_gmt":"2023-09-05T18:07:55","slug":"contato","status":"publish","type":"page","link":"https:\/\/lucas648.com.br\/index.php\/contato\/","title":{"rendered":"CONTATO"},"content":{"rendered":"\t\t<div data-elementor-type=\"wp-page\" data-elementor-id=\"18\" class=\"elementor elementor-18\" data-elementor-post-type=\"page\">\n\t\t\t\t\t\t\t\t\t<section class=\"elementor-section elementor-top-section elementor-element elementor-element-b50b3d4 elementor-section-boxed elementor-section-height-default elementor-section-height-default\" data-id=\"b50b3d4\" data-element_type=\"section\" data-settings=\"{&quot;background_background&quot;:&quot;classic&quot;}\">\n\t\t\t\t\t\t<div class=\"elementor-container elementor-column-gap-default\">\n\t\t\t\t\t<div class=\"elementor-column elementor-col-100 elementor-top-column elementor-element elementor-element-ff59dc5\" data-id=\"ff59dc5\" data-element_type=\"column\">\n\t\t\t<div class=\"elementor-widget-wrap elementor-element-populated\">\n\t\t\t\t\t\t\t\t<div class=\"elementor-element elementor-element-c013a6c elementor-widget elementor-widget-ECOFINE_contactInfo_list\" data-id=\"c013a6c\" data-element_type=\"widget\" data-widget_type=\"ECOFINE_contactInfo_list.default\">\n\t\t\t\t<div class=\"elementor-widget-container\">\n\t\t\t        <div class=\"eco-contact-info-wrapper\">\n            <div class=\"container\">\n\t\t\t\t<div class=\"row\">\n\t\t\t\t\t\t\t\t\t\t\t<div class=\"col-xl-4 col-lg-4 col-md-6 col-12\">\n\t\t\t\t\t\t\t<div class=\"eco-contact-info-item\">\n\t\t\t\t\t\t\t\t\t\t\t\t\t\t\t\t\t<div class=\"eco-contact-icon\">\n\t\t\t\t\t\t\t\t\t\t<i aria-hidden=\"true\" class=\"flaticon flaticon-email-3\"><\/i>\t\t\t\t\t\t\t\t\t<\/div>\n\t\t\t\t\t\t\t\t\t\t\t\t\t\t\t\t<div class=\"eco-contact-content\">\n\t\t\t\t\t\t\t\t\t\t\t\t\t\t\t\t\t\t\t<h4 class=\"eco-contact-title\">E-mail<\/h4>\n\t\t\t\t\t\t\t\t\t\t\t\t\t\t\t\t\t\t\t\t\t\t\t\t\t\t\t\t<div class=\"eco-contact-dec\"><p><span style=\"color: #333333\">atendimento@lucas648.com.br\u00a0 \u00a0 \u00a0 \u00a0 \u00a0 \u00a0 \u00a0 \u00a0 \u00a0 \u00a0 \u00a0 \u00a0 \u00a0<\/span><\/p><\/div>\n\t\t\t\t\t\t\t\t\t\t\t\t\t\t\t\t\t<\/div>\n\t\t\t\t\t\t\t<\/div>\n\t\t\t\t\t\t<\/div>\n\t\t\t\t\t\t\t\t\t\t\t<div class=\"col-xl-4 col-lg-4 col-md-6 col-12\">\n\t\t\t\t\t\t\t<div class=\"eco-contact-info-item\">\n\t\t\t\t\t\t\t\t\t\t\t\t\t\t\t\t\t<div class=\"eco-contact-icon\">\n\t\t\t\t\t\t\t\t\t\t<i aria-hidden=\"true\" class=\"bi bi-telephone\"><\/i>\t\t\t\t\t\t\t\t\t<\/div>\n\t\t\t\t\t\t\t\t\t\t\t\t\t\t\t\t<div class=\"eco-contact-content\">\n\t\t\t\t\t\t\t\t\t\t\t\t\t\t\t\t\t\t\t<h4 class=\"eco-contact-title\">Telefone<\/h4>\n\t\t\t\t\t\t\t\t\t\t\t\t\t\t\t\t\t\t\t\t\t\t\t\t\t\t\t\t<div class=\"eco-contact-dec\"><p><span style=\"color: #333333\">(31) 99345-5335 \u00a0 \u00a0 \u00a0 \u00a0 \u00a0 \u00a0 \u00a0 \u00a0 \u00a0 \u00a0 \u00a0 \u00a0 \u00a0 \u00a0 \u00a0 \u00a0 \u00a0 \u00a0 \u00a0 \u00a0 \u00a0 \u00a0\u00a0<\/span><\/p><\/div>\n\t\t\t\t\t\t\t\t\t\t\t\t\t\t\t\t\t<\/div>\n\t\t\t\t\t\t\t<\/div>\n\t\t\t\t\t\t<\/div>\n\t\t\t\t\t\t\t\t\t\t\t<div class=\"col-xl-4 col-lg-4 col-md-6 col-12\">\n\t\t\t\t\t\t\t<div class=\"eco-contact-info-item\">\n\t\t\t\t\t\t\t\t\t\t\t\t\t\t\t\t\t<div class=\"eco-contact-icon\">\n\t\t\t\t\t\t\t\t\t\t<i aria-hidden=\"true\" class=\"ico ico-map-marker2\"><\/i>\t\t\t\t\t\t\t\t\t<\/div>\n\t\t\t\t\t\t\t\t\t\t\t\t\t\t\t\t<div class=\"eco-contact-content\">\n\t\t\t\t\t\t\t\t\t\t\t\t\t\t\t\t\t\t\t<h4 class=\"eco-contact-title\">Localiza\u00e7\u00e3o<\/h4>\n\t\t\t\t\t\t\t\t\t\t\t\t\t\t\t\t\t\t\t\t\t\t\t\t\t\t\t\t<div class=\"eco-contact-dec\"><p><span style=\"color: #333333\">Pra\u00e7a Tiradentes, 97 - Sala 203, Centro, Betim, MG<\/span><\/p><\/div>\n\t\t\t\t\t\t\t\t\t\t\t\t\t\t\t\t\t<\/div>\n\t\t\t\t\t\t\t<\/div>\n\t\t\t\t\t\t<\/div>\n\t\t\t\t\t\t\t\t\t<\/div>\n            <\/div>\n        <\/div>\n        \t\t<\/div>\n\t\t\t\t<\/div>\n\t\t\t\t\t<\/div>\n\t\t<\/div>\n\t\t\t\t\t\t\t<\/div>\n\t\t<\/section>\n\t\t\t\t<section class=\"elementor-section elementor-top-section elementor-element elementor-element-27d90b7 elementor-section-boxed elementor-section-height-default elementor-section-height-default\" data-id=\"27d90b7\" data-element_type=\"section\">\n\t\t\t\t\t\t<div class=\"elementor-container elementor-column-gap-no\">\n\t\t\t\t\t<div class=\"elementor-column elementor-col-50 elementor-top-column elementor-element elementor-element-7b6bb2e\" data-id=\"7b6bb2e\" data-element_type=\"column\">\n\t\t\t<div class=\"elementor-widget-wrap elementor-element-populated\">\n\t\t\t\t\t\t\t\t<div class=\"elementor-element elementor-element-2befa30 elementor-widget__width-initial elementor-widget elementor-widget-google_maps\" data-id=\"2befa30\" data-element_type=\"widget\" data-widget_type=\"google_maps.default\">\n\t\t\t\t<div class=\"elementor-widget-container\">\n\t\t\t<style>\/*! elementor - v3.17.0 - 08-11-2023 *\/\n.elementor-widget-google_maps .elementor-widget-container{overflow:hidden}.elementor-widget-google_maps .elementor-custom-embed{line-height:0}.elementor-widget-google_maps iframe{height:300px}<\/style>\t\t<div class=\"elementor-custom-embed\">\n\t\t\t<iframe loading=\"lazy\"\n\t\t\t\t\tsrc=\"https:\/\/maps.google.com\/maps?q=Pra%C3%A7a%20Tiradentes%2C%2097%20-%20Sala%20203%2C%20Centro%20-%20Betim%20-%20Minas%20Gerais%2C%20CEP%3A%2032600-054&#038;t=m&#038;z=11&#038;output=embed&#038;iwloc=near\"\n\t\t\t\t\ttitle=\"Pra\u00e7a Tiradentes, 97 - Sala 203, Centro - Betim - Minas Gerais, CEP: 32600-054\"\n\t\t\t\t\taria-label=\"Pra\u00e7a Tiradentes, 97 - Sala 203, Centro - Betim - Minas Gerais, CEP: 32600-054\"\n\t\t\t><\/iframe>\n\t\t<\/div>\n\t\t\t\t<\/div>\n\t\t\t\t<\/div>\n\t\t\t\t\t<\/div>\n\t\t<\/div>\n\t\t\t\t<div class=\"elementor-column elementor-col-50 elementor-top-column elementor-element elementor-element-43f9d11\" data-id=\"43f9d11\" data-element_type=\"column\">\n\t\t\t<div class=\"elementor-widget-wrap elementor-element-populated\">\n\t\t\t\t\t\t\t\t<div class=\"elementor-element elementor-element-817f491 elementor-widget elementor-widget-ecofinecore_about\" data-id=\"817f491\" data-element_type=\"widget\" data-widget_type=\"ecofinecore_about.default\">\n\t\t\t\t<div class=\"elementor-widget-container\">\n\t\t\t        <div class=\"about-section-wraper\">\n            <div class=\"container\">\n            <div class=\"about_content \">\n                <div class=\"about-item\">\n                 <h4 class=\"about-small-stitle\"> FALE CONOSCO <\/h4>                 <h2 class=\"about-title\"> Voc\u00ea tem alguma pergunta? <\/h2>                  <div class=\"about-des\"> <p>Deixe sua mensagem, que n\u00f3s retornaremos para voc\u00ea o mais r\u00e1pido poss\u00edvel.<\/p> <\/div>                <\/div>\n                                            <\/div>\n        <\/div>\n        <\/div>\n        \t\t<\/div>\n\t\t\t\t<\/div>\n\t\t\t\t<div class=\"elementor-element elementor-element-66fa6f4 elementor-widget elementor-widget-ECOFINE_ctf7\" data-id=\"66fa6f4\" data-element_type=\"widget\" data-widget_type=\"ECOFINE_ctf7.default\">\n\t\t\t\t<div class=\"elementor-widget-container\">\n\t\t\t        <div class=\"Ecofine-ctf7s-wrapper\">\n        \n<div class=\"wpcf7 no-js\" id=\"wpcf7-f4034-o1\" lang=\"en-US\" dir=\"ltr\">\n<div class=\"screen-reader-response\"><p role=\"status\" aria-live=\"polite\" aria-atomic=\"true\"><\/p> <ul><\/ul><\/div>\n<form action=\"\/index.php\/wp-json\/wp\/v2\/pages\/18#wpcf7-f4034-o1\" method=\"post\" class=\"wpcf7-form init\" aria-label=\"Contact form\" novalidate=\"novalidate\" data-status=\"init\">\n<div style=\"display: none;\">\n<input type=\"hidden\" name=\"_wpcf7\" value=\"4034\" \/>\n<input type=\"hidden\" name=\"_wpcf7_version\" value=\"5.8.3\" \/>\n<input type=\"hidden\" name=\"_wpcf7_locale\" value=\"en_US\" \/>\n<input type=\"hidden\" name=\"_wpcf7_unit_tag\" value=\"wpcf7-f4034-o1\" \/>\n<input type=\"hidden\" name=\"_wpcf7_container_post\" value=\"0\" \/>\n<input type=\"hidden\" name=\"_wpcf7_posted_data_hash\" value=\"\" \/>\n<\/div>\n<div class=\"eco-contact-from-two-wrappwr\">\n    <div class=\"container\">\n        <div class=\"row\">\n            <div class=\"col-lg-6 col-md-6 col-12\">\n                <div class=\"eco-input-area\">\n                    <span class=\"wpcf7-form-control-wrap\" data-name=\"fname\"><input size=\"40\" class=\"wpcf7-form-control wpcf7-text wpcf7-validates-as-required\" aria-required=\"true\" aria-invalid=\"false\" placeholder=\"Seu Nome\" value=\"\" type=\"text\" name=\"fname\" \/><\/span>\n                <\/div>\n            <\/div>\n            <div class=\"col-lg-6 col-md-6 col-12\">\n                <div class=\"eco-input-area\">\n                    <span class=\"wpcf7-form-control-wrap\" data-name=\"tel\"><input size=\"40\" class=\"wpcf7-form-control wpcf7-tel wpcf7-validates-as-required wpcf7-text wpcf7-validates-as-tel\" aria-required=\"true\" aria-invalid=\"false\" placeholder=\"Telefone\" value=\"\" type=\"tel\" name=\"tel\" \/><\/span>\n                <\/div>\n            <\/div>\n                   \n              <div class=\"col-lg-12 col-md-12 col-12\">\n                <div class=\"eco-input-area\">\n                    <span class=\"wpcf7-form-control-wrap\" data-name=\"email\"><input size=\"40\" class=\"wpcf7-form-control wpcf7-email wpcf7-validates-as-required wpcf7-text wpcf7-validates-as-email\" aria-required=\"true\" aria-invalid=\"false\" placeholder=\"E-mail\" value=\"\" type=\"email\" name=\"email\" \/><\/span>\n                <\/div>\n            <\/div>\n            <div class=\"col-lg-12 col-md-12 col-12\">\n                <div class=\"eco-input-area message\">\n                    <span class=\"wpcf7-form-control-wrap\" data-name=\"message\"><textarea cols=\"10\" rows=\"5\" class=\"wpcf7-form-control wpcf7-textarea wpcf7-validates-as-required\" aria-required=\"true\" aria-invalid=\"false\" placeholder=\"Mensagem\" name=\"message\"><\/textarea><\/span>\n                <\/div>\n                <div class=\"eco-contact-button button\">\n                    <input class=\"wpcf7-form-control wpcf7-submit has-spinner blob-btn\" type=\"submit\" value=\"Enviar\" \/>\n                <\/div>\n            <\/div>\n        <\/div>\n    <\/div>\n    <\/div><div class=\"wpcf7-response-output\" aria-hidden=\"true\"><\/div>\n<\/form>\n<\/div>\n        <\/div>\n        \t\t<\/div>\n\t\t\t\t<\/div>\n\t\t\t\t\t<\/div>\n\t\t<\/div>\n\t\t\t\t\t\t\t<\/div>\n\t\t<\/section>\n\t\t\t\t\t\t\t<\/div>\n\t\t","protected":false},"excerpt":{"rendered":"<p>E-mail atendimento@lucas648.com.br\u00a0 \u00a0 \u00a0 \u00a0 \u00a0 \u00a0 \u00a0 \u00a0 \u00a0 \u00a0 \u00a0 \u00a0 \u00a0 Telefone (31) 99345-5335 \u00a0 \u00a0 \u00a0 \u00a0 \u00a0 \u00a0 \u00a0 \u00a0 \u00a0 \u00a0 \u00a0 \u00a0 \u00a0 \u00a0 \u00a0 \u00a0 \u00a0 \u00a0 \u00a0 \u00a0 \u00a0 \u00a0\u00a0 Localiza\u00e7\u00e3o Pra\u00e7a Tiradentes, 97 &#8211; Sala 203, Centro, Betim, MG FALE CONOSCO Voc\u00ea tem alguma pergunta? [&hellip;]<\/p>\n","protected":false},"author":1,"featured_media":0,"parent":0,"menu_order":0,"comment_status":"closed","ping_status":"closed","template":"","meta":{"footnotes":""},"yoast_head":"<!-- This site is optimized with the Yoast SEO plugin v21.5 - https:\/\/yoast.com\/wordpress\/plugins\/seo\/ -->\n<title>CONTATO - Lucas648<\/title>\n<meta name=\"robots\" content=\"index, follow, max-snippet:-1, max-image-preview:large, max-video-preview:-1\" \/>\n<link rel=\"canonical\" href=\"https:\/\/lucas648.com.br\/index.php\/contato\/\" \/>\n<meta property=\"og:locale\" content=\"pt_BR\" \/>\n<meta property=\"og:type\" content=\"article\" \/>\n<meta property=\"og:title\" content=\"CONTATO - Lucas648\" \/>\n<meta property=\"og:description\" content=\"E-mail atendimento@lucas648.com.br\u00a0 \u00a0 \u00a0 \u00a0 \u00a0 \u00a0 \u00a0 \u00a0 \u00a0 \u00a0 \u00a0 \u00a0 \u00a0 Telefone (31) 99345-5335 \u00a0 \u00a0 \u00a0 \u00a0 \u00a0 \u00a0 \u00a0 \u00a0 \u00a0 \u00a0 \u00a0 \u00a0 \u00a0 \u00a0 \u00a0 \u00a0 \u00a0 \u00a0 \u00a0 \u00a0 \u00a0 \u00a0\u00a0 Localiza\u00e7\u00e3o Pra\u00e7a Tiradentes, 97 &#8211; Sala 203, Centro, Betim, MG FALE CONOSCO Voc\u00ea tem alguma pergunta? [&hellip;]\" \/>\n<meta property=\"og:url\" content=\"https:\/\/lucas648.com.br\/index.php\/contato\/\" \/>\n<meta property=\"og:site_name\" content=\"Lucas648\" \/>\n<meta property=\"article:modified_time\" content=\"2023-09-05T18:07:55+00:00\" \/>\n<meta property=\"og:image\" content=\"https:\/\/lucas648.com.br\/wp-content\/uploads\/2023\/05\/Marca_LUCAS648_2023-05-80p-2x.png\" \/>\n\t<meta property=\"og:image:width\" content=\"290\" \/>\n\t<meta property=\"og:image:height\" content=\"80\" \/>\n\t<meta property=\"og:image:type\" content=\"image\/png\" \/>\n<meta name=\"twitter:card\" content=\"summary_large_image\" \/>\n<script type=\"application\/ld+json\" class=\"yoast-schema-graph\">{\"@context\":\"https:\/\/schema.org\",\"@graph\":[{\"@type\":\"WebPage\",\"@id\":\"https:\/\/lucas648.com.br\/index.php\/contato\/\",\"url\":\"https:\/\/lucas648.com.br\/index.php\/contato\/\",\"name\":\"CONTATO - Lucas648\",\"isPartOf\":{\"@id\":\"https:\/\/lucas648.com.br\/#website\"},\"datePublished\":\"2023-04-02T07:26:09+00:00\",\"dateModified\":\"2023-09-05T18:07:55+00:00\",\"breadcrumb\":{\"@id\":\"https:\/\/lucas648.com.br\/index.php\/contato\/#breadcrumb\"},\"inLanguage\":\"pt-BR\",\"potentialAction\":[{\"@type\":\"ReadAction\",\"target\":[\"https:\/\/lucas648.com.br\/index.php\/contato\/\"]}]},{\"@type\":\"BreadcrumbList\",\"@id\":\"https:\/\/lucas648.com.br\/index.php\/contato\/#breadcrumb\",\"itemListElement\":[{\"@type\":\"ListItem\",\"position\":1,\"name\":\"In\u00edcio\",\"item\":\"https:\/\/lucas648.com.br\/\"},{\"@type\":\"ListItem\",\"position\":2,\"name\":\"CONTATO\"}]},{\"@type\":\"WebSite\",\"@id\":\"https:\/\/lucas648.com.br\/#website\",\"url\":\"https:\/\/lucas648.com.br\/\",\"name\":\"Lucas648\",\"description\":\"Consultoria em gest\u00e3o de desastre e capta\u00e7\u00e3o de recursos.\",\"publisher\":{\"@id\":\"https:\/\/lucas648.com.br\/#organization\"},\"potentialAction\":[{\"@type\":\"SearchAction\",\"target\":{\"@type\":\"EntryPoint\",\"urlTemplate\":\"https:\/\/lucas648.com.br\/?s={search_term_string}\"},\"query-input\":\"required name=search_term_string\"}],\"inLanguage\":\"pt-BR\"},{\"@type\":\"Organization\",\"@id\":\"https:\/\/lucas648.com.br\/#organization\",\"name\":\"Lucas648\",\"url\":\"https:\/\/lucas648.com.br\/\",\"logo\":{\"@type\":\"ImageObject\",\"inLanguage\":\"pt-BR\",\"@id\":\"https:\/\/lucas648.com.br\/#\/schema\/logo\/image\/\",\"url\":\"https:\/\/lucas648.com.br\/wp-content\/uploads\/2023\/09\/pagina4.png\",\"contentUrl\":\"https:\/\/lucas648.com.br\/wp-content\/uploads\/2023\/09\/pagina4.png\",\"width\":600,\"height\":600,\"caption\":\"Lucas648\"},\"image\":{\"@id\":\"https:\/\/lucas648.com.br\/#\/schema\/logo\/image\/\"}}]}<\/script>\n<!-- \/ Yoast SEO plugin. -->","yoast_head_json":{"title":"CONTATO - Lucas648","robots":{"index":"index","follow":"follow","max-snippet":"max-snippet:-1","max-image-preview":"max-image-preview:large","max-video-preview":"max-video-preview:-1"},"canonical":"https:\/\/lucas648.com.br\/index.php\/contato\/","og_locale":"pt_BR","og_type":"article","og_title":"CONTATO - Lucas648","og_description":"E-mail atendimento@lucas648.com.br\u00a0 \u00a0 \u00a0 \u00a0 \u00a0 \u00a0 \u00a0 \u00a0 \u00a0 \u00a0 \u00a0 \u00a0 \u00a0 Telefone (31) 99345-5335 \u00a0 \u00a0 \u00a0 \u00a0 \u00a0 \u00a0 \u00a0 \u00a0 \u00a0 \u00a0 \u00a0 \u00a0 \u00a0 \u00a0 \u00a0 \u00a0 \u00a0 \u00a0 \u00a0 \u00a0 \u00a0 \u00a0\u00a0 Localiza\u00e7\u00e3o Pra\u00e7a Tiradentes, 97 &#8211; Sala 203, Centro, Betim, MG FALE CONOSCO Voc\u00ea tem alguma pergunta? [&hellip;]","og_url":"https:\/\/lucas648.com.br\/index.php\/contato\/","og_site_name":"Lucas648","article_modified_time":"2023-09-05T18:07:55+00:00","og_image":[{"width":290,"height":80,"url":"https:\/\/lucas648.com.br\/wp-content\/uploads\/2023\/05\/Marca_LUCAS648_2023-05-80p-2x.png","type":"image\/png"}],"twitter_card":"summary_large_image","schema":{"@context":"https:\/\/schema.org","@graph":[{"@type":"WebPage","@id":"https:\/\/lucas648.com.br\/index.php\/contato\/","url":"https:\/\/lucas648.com.br\/index.php\/contato\/","name":"CONTATO - Lucas648","isPartOf":{"@id":"https:\/\/lucas648.com.br\/#website"},"datePublished":"2023-04-02T07:26:09+00:00","dateModified":"2023-09-05T18:07:55+00:00","breadcrumb":{"@id":"https:\/\/lucas648.com.br\/index.php\/contato\/#breadcrumb"},"inLanguage":"pt-BR","potentialAction":[{"@type":"ReadAction","target":["https:\/\/lucas648.com.br\/index.php\/contato\/"]}]},{"@type":"BreadcrumbList","@id":"https:\/\/lucas648.com.br\/index.php\/contato\/#breadcrumb","itemListElement":[{"@type":"ListItem","position":1,"name":"In\u00edcio","item":"https:\/\/lucas648.com.br\/"},{"@type":"ListItem","position":2,"name":"CONTATO"}]},{"@type":"WebSite","@id":"https:\/\/lucas648.com.br\/#website","url":"https:\/\/lucas648.com.br\/","name":"Lucas648","description":"Consultoria em gest\u00e3o de desastre e capta\u00e7\u00e3o de recursos.","publisher":{"@id":"https:\/\/lucas648.com.br\/#organization"},"potentialAction":[{"@type":"SearchAction","target":{"@type":"EntryPoint","urlTemplate":"https:\/\/lucas648.com.br\/?s={search_term_string}"},"query-input":"required name=search_term_string"}],"inLanguage":"pt-BR"},{"@type":"Organization","@id":"https:\/\/lucas648.com.br\/#organization","name":"Lucas648","url":"https:\/\/lucas648.com.br\/","logo":{"@type":"ImageObject","inLanguage":"pt-BR","@id":"https:\/\/lucas648.com.br\/#\/schema\/logo\/image\/","url":"https:\/\/lucas648.com.br\/wp-content\/uploads\/2023\/09\/pagina4.png","contentUrl":"https:\/\/lucas648.com.br\/wp-content\/uploads\/2023\/09\/pagina4.png","width":600,"height":600,"caption":"Lucas648"},"image":{"@id":"https:\/\/lucas648.com.br\/#\/schema\/logo\/image\/"}}]}},"_links":{"self":[{"href":"https:\/\/lucas648.com.br\/index.php\/wp-json\/wp\/v2\/pages\/18"}],"collection":[{"href":"https:\/\/lucas648.com.br\/index.php\/wp-json\/wp\/v2\/pages"}],"about":[{"href":"https:\/\/lucas648.com.br\/index.php\/wp-json\/wp\/v2\/types\/page"}],"author":[{"embeddable":true,"href":"https:\/\/lucas648.com.br\/index.php\/wp-json\/wp\/v2\/users\/1"}],"replies":[{"embeddable":true,"href":"https:\/\/lucas648.com.br\/index.php\/wp-json\/wp\/v2\/comments?post=18"}],"version-history":[{"count":89,"href":"https:\/\/lucas648.com.br\/index.php\/wp-json\/wp\/v2\/pages\/18\/revisions"}],"predecessor-version":[{"id":6834,"href":"https:\/\/lucas648.com.br\/index.php\/wp-json\/wp\/v2\/pages\/18\/revisions\/6834"}],"wp:attachment":[{"href":"https:\/\/lucas648.com.br\/index.php\/wp-json\/wp\/v2\/media?parent=18"}],"curies":[{"name":"wp","href":"https:\/\/api.w.org\/{rel}","templated":true}]}}