{"id":3032,"date":"2023-04-28T06:48:28","date_gmt":"2023-04-28T06:48:28","guid":{"rendered":"https:\/\/wptf.themepul.co\/ecofine\/?page_id=3032"},"modified":"2023-05-08T22:04:14","modified_gmt":"2023-05-09T01:04:14","slug":"testimonial-two","status":"publish","type":"page","link":"https:\/\/lucas648.com.br\/index.php\/testimonial-two\/","title":{"rendered":"Testimonial Two"},"content":{"rendered":"\t\t<div data-elementor-type=\"wp-page\" data-elementor-id=\"3032\" class=\"elementor elementor-3032\" data-elementor-post-type=\"page\">\n\t\t\t\t\t\t\t<div class=\"shapeanimation eco-section-image eco-section-image-4b804bc elementor-repeater-item-911e832\"><\/div><div class=\"shapeanimation eco-section-image eco-section-image-4b804bc elementor-repeater-item-a015c05\"><\/div><div class=\"shapeanimation eco-section-image eco-section-image-4b804bc elementor-repeater-item-c33c4ad\"><\/div>\t\t<section data-eco-section-image=\"yes\" class=\"elementor-section elementor-top-section elementor-element elementor-element-4b804bc elementor-section-boxed elementor-section-height-default elementor-section-height-default\" data-id=\"4b804bc\" data-element_type=\"section\" data-settings=\"{&quot;background_background&quot;:&quot;classic&quot;}\">\n\t\t\t\t\t\t<div class=\"elementor-container elementor-column-gap-no\">\n\t\t\t\t\t<div class=\"elementor-column elementor-col-100 elementor-top-column elementor-element elementor-element-edfeb35\" data-id=\"edfeb35\" data-element_type=\"column\">\n\t\t\t<div class=\"elementor-widget-wrap elementor-element-populated\">\n\t\t\t\t\t\t\t\t<div class=\"elementor-element elementor-element-44cb71c elementor-widget elementor-widget-ecofinecore_title\" data-id=\"44cb71c\" data-element_type=\"widget\" data-widget_type=\"ecofinecore_title.default\">\n\t\t\t\t<div class=\"elementor-widget-container\">\n\t\t\t        <div class=\"eco-section-title-wrapper\">\n           <div class=\"container\">\n           <div class=\"eco-section-title-content\">\n                                    <h4 class=\"eco-section-small-title\">\n                        Clients talk                    <\/h4>\n                                                    <h2 class=\"eco-section-title\">\n                        Eco-friendly products for a healthier planet                <\/h2>\n                           <\/div>\n        <\/div>\n           <\/div>\n        \t\t<\/div>\n\t\t\t\t<\/div>\n\t\t\t\t<div class=\"elementor-element elementor-element-4f2d11c elementor-widget elementor-widget-eco_testomonial\" data-id=\"4f2d11c\" data-element_type=\"widget\" data-widget_type=\"eco_testomonial.default\">\n\t\t\t\t<div class=\"elementor-widget-container\">\n\t\t\t        <div class=\"testimonial-wrapper\">\n            <div class=\"container\">\n                                \n                    <div class=\"row\" id=\"testimonial-7601\">\n                                                    <div class=\"col-12 col-sm-12 col-xl-6 col-lg-6 col-md-12\">\n                                <div class=\"testimonial-item-box \">\n                                <div class=\"testimonial-info\">                                   \n                                        <div class=\"image-wrap\">                                    \n                                            <img loading=\"lazy\" decoding=\"async\" width=\"70\" height=\"71\" src=\"https:\/\/lucas648.com.br\/wp-content\/uploads\/2023\/04\/2.jpg\" class=\"attachment-full size-full\" alt=\"\" \/>                                               \n                                        <\/div> \n                                            \n                                        <div class=\"testimonial-information\">\n                                                                                            <div class=\"share\">\n                                                    <i class=\"bi bi-star-fill\"><\/i><i class=\"bi bi-star-fill\"><\/i><i class=\"bi bi-star-fill\"><\/i><i class=\"bi bi-star-fill\"><\/i><i class=\"bi bi-star-fill\"><\/i>                                                <\/div> \n                                                                 \n                                            <h4 class=\"testimonial-name\">Mickel Bons<\/h4>\n                                            <span class=\"testimonial-designation\"> Marketing Manager<\/span>                 \n                                        <\/div>\n                                                                                     <span class=\"testi-quit\"> \n                                                <i aria-hidden=\"true\" class=\"ico ico-quote22\"><\/i>                                            <\/span>\n                                                                            <\/div> \n                                    <div class=\"testimonial-item-content\">\n                                            <p class=\"testmonial-content\"> Ecology is an incredibly important field of study that helps us understand our impact on nature. Through ecological research, we can develop. <\/p>\n                                    <\/div>                    \n                                <\/div>\n                            <\/div>\n                                                    <div class=\"col-12 col-sm-12 col-xl-6 col-lg-6 col-md-12\">\n                                <div class=\"testimonial-item-box \">\n                                <div class=\"testimonial-info\">                                   \n                                        <div class=\"image-wrap\">                                    \n                                            <img loading=\"lazy\" decoding=\"async\" width=\"70\" height=\"71\" src=\"https:\/\/lucas648.com.br\/wp-content\/uploads\/2023\/04\/1.jpg\" class=\"attachment-full size-full\" alt=\"\" \/>                                               \n                                        <\/div> \n                                            \n                                        <div class=\"testimonial-information\">\n                                                                                            <div class=\"share\">\n                                                    <i class=\"bi bi-star-fill\"><\/i><i class=\"bi bi-star-fill\"><\/i><i class=\"bi bi-star-fill\"><\/i><i class=\"bi bi-star-fill\"><\/i><i class=\"bi bi-star-fill\"><\/i>                                                <\/div> \n                                                                 \n                                            <h4 class=\"testimonial-name\">Jacob Jones<\/h4>\n                                            <span class=\"testimonial-designation\"> Founder<\/span>                 \n                                        <\/div>\n                                                                                     <span class=\"testi-quit\"> \n                                                <i aria-hidden=\"true\" class=\"ico ico-quote22\"><\/i>                                            <\/span>\n                                                                            <\/div> \n                                    <div class=\"testimonial-item-content\">\n                                            <p class=\"testmonial-content\"> The insights gained from ecological research are essential for preserving the delicate balance of ecosystems and biodiversity they support. Through ecological <\/p>\n                                    <\/div>                    \n                                <\/div>\n                            <\/div>\n                                                    <div class=\"col-12 col-sm-12 col-xl-6 col-lg-6 col-md-12\">\n                                <div class=\"testimonial-item-box \">\n                                <div class=\"testimonial-info\">                                   \n                                        <div class=\"image-wrap\">                                    \n                                            <img loading=\"lazy\" decoding=\"async\" width=\"70\" height=\"70\" src=\"https:\/\/lucas648.com.br\/wp-content\/uploads\/2023\/04\/Ellipse-1150.jpg\" class=\"attachment-full size-full\" alt=\"\" \/>                                               \n                                        <\/div> \n                                            \n                                        <div class=\"testimonial-information\">\n                                                                                            <div class=\"share\">\n                                                    <i class=\"bi bi-star-fill\"><\/i><i class=\"bi bi-star-fill\"><\/i><i class=\"bi bi-star-fill\"><\/i><i class=\"bi bi-star-fill\"><\/i><i class=\"bi bi-star-fill\"><\/i>                                                <\/div> \n                                                                 \n                                            <h4 class=\"testimonial-name\">Manaf Hasan<\/h4>\n                                            <span class=\"testimonial-designation\"> CEO<\/span>                 \n                                        <\/div>\n                                                                                     <span class=\"testi-quit\"> \n                                                <i aria-hidden=\"true\" class=\"ico ico-quote22\"><\/i>                                            <\/span>\n                                                                            <\/div> \n                                    <div class=\"testimonial-item-content\">\n                                            <p class=\"testmonial-content\"> Through ecological studies, we can work towards a sustainable future for all life on Earth. They are essential for conservation of biodiversity they support. <\/p>\n                                    <\/div>                    \n                                <\/div>\n                            <\/div>\n                                                    <div class=\"col-12 col-sm-12 col-xl-6 col-lg-6 col-md-12\">\n                                <div class=\"testimonial-item-box \">\n                                <div class=\"testimonial-info\">                                   \n                                        <div class=\"image-wrap\">                                    \n                                            <img loading=\"lazy\" decoding=\"async\" width=\"1000\" height=\"1000\" src=\"https:\/\/lucas648.com.br\/wp-content\/uploads\/2023\/04\/team5.jpg\" class=\"attachment-full size-full\" alt=\"\" srcset=\"https:\/\/lucas648.com.br\/wp-content\/uploads\/2023\/04\/team5.jpg 1000w, https:\/\/lucas648.com.br\/wp-content\/uploads\/2023\/04\/team5-300x300.jpg 300w, https:\/\/lucas648.com.br\/wp-content\/uploads\/2023\/04\/team5-150x150.jpg 150w, https:\/\/lucas648.com.br\/wp-content\/uploads\/2023\/04\/team5-768x768.jpg 768w\" sizes=\"(max-width: 1000px) 100vw, 1000px\" \/>                                               \n                                        <\/div> \n                                            \n                                        <div class=\"testimonial-information\">\n                                                                                            <div class=\"share\">\n                                                    <i class=\"bi bi-star-fill\"><\/i><i class=\"bi bi-star-fill\"><\/i><i class=\"bi bi-star-fill\"><\/i><i class=\"bi bi-star-fill\"><\/i><i class=\"bi bi-star-fill\"><\/i>                                                <\/div> \n                                                                 \n                                            <h4 class=\"testimonial-name\">David Karim<\/h4>\n                                            <span class=\"testimonial-designation\"> Marketing Manager<\/span>                 \n                                        <\/div>\n                                                                                     <span class=\"testi-quit\"> \n                                                <i aria-hidden=\"true\" class=\"ico ico-quote22\"><\/i>                                            <\/span>\n                                                                            <\/div> \n                                    <div class=\"testimonial-item-content\">\n                                            <p class=\"testmonial-content\"> Ecology is an incredibly important field of study that helps us understand our impact on nature. Through ecological research, we can develop. <\/p>\n                                    <\/div>                    \n                                <\/div>\n                            <\/div>\n                                            <\/div>\n               \n            <\/div>\n        <\/div>\n        \n        \t\t<\/div>\n\t\t\t\t<\/div>\n\t\t\t\t\t<\/div>\n\t\t<\/div>\n\t\t\t\t\t\t\t<\/div>\n\t\t<\/section>\n\t\t\t\t\t\t\t<\/div>\n\t\t","protected":false},"excerpt":{"rendered":"<p>Clients talk Eco-friendly products for a healthier planet Mickel Bons Marketing Manager Ecology is an incredibly important field of study that helps us understand our impact on nature. Through ecological research, we can develop. Jacob Jones Founder The insights gained from ecological research are essential for preserving the delicate balance of ecosystems and biodiversity they [&hellip;]<\/p>\n","protected":false},"author":1,"featured_media":0,"parent":0,"menu_order":0,"comment_status":"closed","ping_status":"closed","template":"blank-template.php","meta":{"footnotes":""},"yoast_head":"<!-- This site is optimized with the Yoast SEO plugin v21.5 - https:\/\/yoast.com\/wordpress\/plugins\/seo\/ -->\n<title>Testimonial Two - Lucas648<\/title>\n<meta name=\"robots\" content=\"index, follow, max-snippet:-1, max-image-preview:large, max-video-preview:-1\" \/>\n<link rel=\"canonical\" href=\"https:\/\/lucas648.com.br\/index.php\/testimonial-two\/\" \/>\n<meta property=\"og:locale\" content=\"pt_BR\" \/>\n<meta property=\"og:type\" content=\"article\" \/>\n<meta property=\"og:title\" content=\"Testimonial Two - Lucas648\" \/>\n<meta property=\"og:description\" content=\"Clients talk Eco-friendly products for a healthier planet Mickel Bons Marketing Manager Ecology is an incredibly important field of study that helps us understand our impact on nature. Through ecological research, we can develop. Jacob Jones Founder The insights gained from ecological research are essential for preserving the delicate balance of ecosystems and biodiversity they [&hellip;]\" \/>\n<meta property=\"og:url\" content=\"https:\/\/lucas648.com.br\/index.php\/testimonial-two\/\" \/>\n<meta property=\"og:site_name\" content=\"Lucas648\" \/>\n<meta property=\"article:modified_time\" content=\"2023-05-09T01:04:14+00:00\" \/>\n<meta property=\"og:image\" content=\"https:\/\/lucas648.com.br\/wp-content\/uploads\/2023\/04\/2.jpg\" \/>\n<meta name=\"twitter:card\" content=\"summary_large_image\" \/>\n<meta name=\"twitter:label1\" content=\"Est. tempo de leitura\" \/>\n\t<meta name=\"twitter:data1\" content=\"1 minuto\" \/>\n<script type=\"application\/ld+json\" class=\"yoast-schema-graph\">{\"@context\":\"https:\/\/schema.org\",\"@graph\":[{\"@type\":\"WebPage\",\"@id\":\"https:\/\/lucas648.com.br\/index.php\/testimonial-two\/\",\"url\":\"https:\/\/lucas648.com.br\/index.php\/testimonial-two\/\",\"name\":\"Testimonial Two - Lucas648\",\"isPartOf\":{\"@id\":\"https:\/\/lucas648.com.br\/#website\"},\"datePublished\":\"2023-04-28T06:48:28+00:00\",\"dateModified\":\"2023-05-09T01:04:14+00:00\",\"breadcrumb\":{\"@id\":\"https:\/\/lucas648.com.br\/index.php\/testimonial-two\/#breadcrumb\"},\"inLanguage\":\"pt-BR\",\"potentialAction\":[{\"@type\":\"ReadAction\",\"target\":[\"https:\/\/lucas648.com.br\/index.php\/testimonial-two\/\"]}]},{\"@type\":\"BreadcrumbList\",\"@id\":\"https:\/\/lucas648.com.br\/index.php\/testimonial-two\/#breadcrumb\",\"itemListElement\":[{\"@type\":\"ListItem\",\"position\":1,\"name\":\"In\u00edcio\",\"item\":\"https:\/\/lucas648.com.br\/\"},{\"@type\":\"ListItem\",\"position\":2,\"name\":\"Testimonial Two\"}]},{\"@type\":\"WebSite\",\"@id\":\"https:\/\/lucas648.com.br\/#website\",\"url\":\"https:\/\/lucas648.com.br\/\",\"name\":\"Lucas648\",\"description\":\"Consultoria em gest\u00e3o de desastre e capta\u00e7\u00e3o de recursos.\",\"publisher\":{\"@id\":\"https:\/\/lucas648.com.br\/#organization\"},\"potentialAction\":[{\"@type\":\"SearchAction\",\"target\":{\"@type\":\"EntryPoint\",\"urlTemplate\":\"https:\/\/lucas648.com.br\/?s={search_term_string}\"},\"query-input\":\"required name=search_term_string\"}],\"inLanguage\":\"pt-BR\"},{\"@type\":\"Organization\",\"@id\":\"https:\/\/lucas648.com.br\/#organization\",\"name\":\"Lucas648\",\"url\":\"https:\/\/lucas648.com.br\/\",\"logo\":{\"@type\":\"ImageObject\",\"inLanguage\":\"pt-BR\",\"@id\":\"https:\/\/lucas648.com.br\/#\/schema\/logo\/image\/\",\"url\":\"https:\/\/lucas648.com.br\/wp-content\/uploads\/2023\/09\/pagina4.png\",\"contentUrl\":\"https:\/\/lucas648.com.br\/wp-content\/uploads\/2023\/09\/pagina4.png\",\"width\":600,\"height\":600,\"caption\":\"Lucas648\"},\"image\":{\"@id\":\"https:\/\/lucas648.com.br\/#\/schema\/logo\/image\/\"}}]}<\/script>\n<!-- \/ Yoast SEO plugin. -->","yoast_head_json":{"title":"Testimonial Two - Lucas648","robots":{"index":"index","follow":"follow","max-snippet":"max-snippet:-1","max-image-preview":"max-image-preview:large","max-video-preview":"max-video-preview:-1"},"canonical":"https:\/\/lucas648.com.br\/index.php\/testimonial-two\/","og_locale":"pt_BR","og_type":"article","og_title":"Testimonial Two - Lucas648","og_description":"Clients talk Eco-friendly products for a healthier planet Mickel Bons Marketing Manager Ecology is an incredibly important field of study that helps us understand our impact on nature. Through ecological research, we can develop. Jacob Jones Founder The insights gained from ecological research are essential for preserving the delicate balance of ecosystems and biodiversity they [&hellip;]","og_url":"https:\/\/lucas648.com.br\/index.php\/testimonial-two\/","og_site_name":"Lucas648","article_modified_time":"2023-05-09T01:04:14+00:00","og_image":[{"url":"https:\/\/lucas648.com.br\/wp-content\/uploads\/2023\/04\/2.jpg"}],"twitter_card":"summary_large_image","twitter_misc":{"Est. tempo de leitura":"1 minuto"},"schema":{"@context":"https:\/\/schema.org","@graph":[{"@type":"WebPage","@id":"https:\/\/lucas648.com.br\/index.php\/testimonial-two\/","url":"https:\/\/lucas648.com.br\/index.php\/testimonial-two\/","name":"Testimonial Two - Lucas648","isPartOf":{"@id":"https:\/\/lucas648.com.br\/#website"},"datePublished":"2023-04-28T06:48:28+00:00","dateModified":"2023-05-09T01:04:14+00:00","breadcrumb":{"@id":"https:\/\/lucas648.com.br\/index.php\/testimonial-two\/#breadcrumb"},"inLanguage":"pt-BR","potentialAction":[{"@type":"ReadAction","target":["https:\/\/lucas648.com.br\/index.php\/testimonial-two\/"]}]},{"@type":"BreadcrumbList","@id":"https:\/\/lucas648.com.br\/index.php\/testimonial-two\/#breadcrumb","itemListElement":[{"@type":"ListItem","position":1,"name":"In\u00edcio","item":"https:\/\/lucas648.com.br\/"},{"@type":"ListItem","position":2,"name":"Testimonial Two"}]},{"@type":"WebSite","@id":"https:\/\/lucas648.com.br\/#website","url":"https:\/\/lucas648.com.br\/","name":"Lucas648","description":"Consultoria em gest\u00e3o de desastre e capta\u00e7\u00e3o de recursos.","publisher":{"@id":"https:\/\/lucas648.com.br\/#organization"},"potentialAction":[{"@type":"SearchAction","target":{"@type":"EntryPoint","urlTemplate":"https:\/\/lucas648.com.br\/?s={search_term_string}"},"query-input":"required name=search_term_string"}],"inLanguage":"pt-BR"},{"@type":"Organization","@id":"https:\/\/lucas648.com.br\/#organization","name":"Lucas648","url":"https:\/\/lucas648.com.br\/","logo":{"@type":"ImageObject","inLanguage":"pt-BR","@id":"https:\/\/lucas648.com.br\/#\/schema\/logo\/image\/","url":"https:\/\/lucas648.com.br\/wp-content\/uploads\/2023\/09\/pagina4.png","contentUrl":"https:\/\/lucas648.com.br\/wp-content\/uploads\/2023\/09\/pagina4.png","width":600,"height":600,"caption":"Lucas648"},"image":{"@id":"https:\/\/lucas648.com.br\/#\/schema\/logo\/image\/"}}]}},"_links":{"self":[{"href":"https:\/\/lucas648.com.br\/index.php\/wp-json\/wp\/v2\/pages\/3032"}],"collection":[{"href":"https:\/\/lucas648.com.br\/index.php\/wp-json\/wp\/v2\/pages"}],"about":[{"href":"https:\/\/lucas648.com.br\/index.php\/wp-json\/wp\/v2\/types\/page"}],"author":[{"embeddable":true,"href":"https:\/\/lucas648.com.br\/index.php\/wp-json\/wp\/v2\/users\/1"}],"replies":[{"embeddable":true,"href":"https:\/\/lucas648.com.br\/index.php\/wp-json\/wp\/v2\/comments?post=3032"}],"version-history":[{"count":1,"href":"https:\/\/lucas648.com.br\/index.php\/wp-json\/wp\/v2\/pages\/3032\/revisions"}],"predecessor-version":[{"id":3239,"href":"https:\/\/lucas648.com.br\/index.php\/wp-json\/wp\/v2\/pages\/3032\/revisions\/3239"}],"wp:attachment":[{"href":"https:\/\/lucas648.com.br\/index.php\/wp-json\/wp\/v2\/media?parent=3032"}],"curies":[{"name":"wp","href":"https:\/\/api.w.org\/{rel}","templated":true}]}}