{"id":4557,"date":"2023-05-25T09:53:47","date_gmt":"2023-05-25T12:53:47","guid":{"rendered":"https:\/\/lucas648.com.br\/?page_id=4557"},"modified":"2023-08-23T17:31:14","modified_gmt":"2023-08-23T20:31:14","slug":"equipe","status":"publish","type":"page","link":"https:\/\/lucas648.com.br\/index.php\/equipe\/","title":{"rendered":"EQUIPE"},"content":{"rendered":"\t\t<div data-elementor-type=\"wp-page\" data-elementor-id=\"4557\" class=\"elementor elementor-4557\" data-elementor-post-type=\"page\">\n\t\t\t\t\t\t\t\t\t<section class=\"elementor-section elementor-top-section elementor-element elementor-element-7c10ded5 elementor-section-content-middle elementor-section-boxed elementor-section-height-default elementor-section-height-default\" data-id=\"7c10ded5\" data-element_type=\"section\">\n\t\t\t\t\t\t<div class=\"elementor-container elementor-column-gap-no\">\n\t\t\t\t\t<div class=\"elementor-column elementor-col-50 elementor-top-column elementor-element elementor-element-1bd82d50\" data-id=\"1bd82d50\" data-element_type=\"column\">\n\t\t\t<div class=\"elementor-widget-wrap elementor-element-populated\">\n\t\t\t\t\t\t\t\t<div class=\"elementor-element elementor-element-7e4f2042 elementor-widget elementor-widget-eco_about_image\" data-id=\"7e4f2042\" data-element_type=\"widget\" data-widget_type=\"eco_about_image.default\">\n\t\t\t\t<div class=\"elementor-widget-container\">\n\t\t\t      <div class=\"about-image-wraper\">\n            <div class=\"about-image_item\">\n                    <img loading=\"lazy\" decoding=\"async\" width=\"700\" height=\"700\" src=\"https:\/\/lucas648.com.br\/wp-content\/uploads\/2023\/08\/Foto-Lucas.webp\" class=\"attachment-full size-full\" alt=\"\" srcset=\"https:\/\/lucas648.com.br\/wp-content\/uploads\/2023\/08\/Foto-Lucas.webp 700w, https:\/\/lucas648.com.br\/wp-content\/uploads\/2023\/08\/Foto-Lucas-300x300.webp 300w, https:\/\/lucas648.com.br\/wp-content\/uploads\/2023\/08\/Foto-Lucas-150x150.webp 150w\" sizes=\"(max-width: 700px) 100vw, 700px\" \/>                                            <div class=\"about-s-image\">\n                                                    <\/div>\n                                <\/div>\n        <\/div>\n        \t\t<\/div>\n\t\t\t\t<\/div>\n\t\t\t\t\t<\/div>\n\t\t<\/div>\n\t\t\t\t<div class=\"elementor-column elementor-col-50 elementor-top-column elementor-element elementor-element-5c7cbe2d\" data-id=\"5c7cbe2d\" data-element_type=\"column\">\n\t\t\t<div class=\"elementor-widget-wrap elementor-element-populated\">\n\t\t\t\t\t\t\t\t<div class=\"elementor-element elementor-element-9b376cb elementor-widget__width-initial elementor-vertical-align-top elementor-widget elementor-widget-icon-box\" data-id=\"9b376cb\" data-element_type=\"widget\" data-widget_type=\"icon-box.default\">\n\t\t\t\t<div class=\"elementor-widget-container\">\n\t\t\t<link rel=\"stylesheet\" href=\"https:\/\/lucas648.com.br\/wp-content\/plugins\/elementor\/assets\/css\/widget-icon-box.min.css\">\t\t<div class=\"elementor-icon-box-wrapper\">\n\t\t\t\t\t\t<div class=\"elementor-icon-box-content\">\n\t\t\t\t<h3 class=\"elementor-icon-box-title\">\n\t\t\t\t\t<span  >\n\t\t\t\t\t\tALEXANDRE LUCAS ALVES\t\t\t\t\t<\/span>\n\t\t\t\t<\/h3>\n\t\t\t\t\t\t\t<\/div>\n\t\t<\/div>\n\t\t\t\t<\/div>\n\t\t\t\t<\/div>\n\t\t\t\t<div class=\"elementor-element elementor-element-22b8dab elementor-widget__width-initial elementor-widget elementor-widget-heading\" data-id=\"22b8dab\" data-element_type=\"widget\" data-widget_type=\"heading.default\">\n\t\t\t\t<div class=\"elementor-widget-container\">\n\t\t\t<style>\/*! elementor - v3.17.0 - 08-11-2023 *\/\n.elementor-heading-title{padding:0;margin:0;line-height:1}.elementor-widget-heading .elementor-heading-title[class*=elementor-size-]>a{color:inherit;font-size:inherit;line-height:inherit}.elementor-widget-heading .elementor-heading-title.elementor-size-small{font-size:15px}.elementor-widget-heading .elementor-heading-title.elementor-size-medium{font-size:19px}.elementor-widget-heading .elementor-heading-title.elementor-size-large{font-size:29px}.elementor-widget-heading .elementor-heading-title.elementor-size-xl{font-size:39px}.elementor-widget-heading .elementor-heading-title.elementor-size-xxl{font-size:59px}<\/style><h2 class=\"elementor-heading-title elementor-size-default\">CORONEL PM<\/h2>\t\t<\/div>\n\t\t\t\t<\/div>\n\t\t\t\t<div class=\"elementor-element elementor-element-45e8f5ca elementor-widget__width-initial elementor-widget elementor-widget-eco_eco-v2\" data-id=\"45e8f5ca\" data-element_type=\"widget\" data-widget_type=\"eco_eco-v2.default\">\n\t\t\t\t<div class=\"elementor-widget-container\">\n\t\t\t        <div class=\"ecofine_list-wrapper\">\n            <div class=\"container-Full\">\n                <div class=\"row \">\n                                            <div class=\"col-xl-12 col-lg-12 col-md-12 col-12\">\n                            <div class=\"Eco-list-box \">\n                                <div class=\" eco-icon-list\">\n                                    <div class=\"eco-list-icon\">\n                                        <i aria-hidden=\"true\" class=\"icofont icofont-check-circled\"><\/i>                                    <\/div>\n                                <\/div>\n                                <div class=\"list-content-area\">\n\t\t\t\t\t\t\t\t\t \t\t\t\t\t\t\t\t\t\t<h3 class=\"list-title\"> \n\t\t\t\t\t\t\t\t\t\t\t\t\t\t\t\t\t\t\t\t\t\tSecret\u00e1rio Executivo de Defesa Civil de Minas Gerais \u2013 2004 a 2010. \t\t\t\t\t\t\t\t\t\t\t\t\t\t\t\t\t\t\t\t\t<\/h3>\n\t\t\t\t\t\t\t\t \t\t\t\t\t\t\t\t\t\t                                <\/div>\n                            <\/div>\n                        <\/div>\n                                            <div class=\"col-xl-12 col-lg-12 col-md-12 col-12\">\n                            <div class=\"Eco-list-box \">\n                                <div class=\" eco-icon-list\">\n                                    <div class=\"eco-list-icon\">\n                                        <i aria-hidden=\"true\" class=\"icofont icofont-check-circled\"><\/i>                                    <\/div>\n                                <\/div>\n                                <div class=\"list-content-area\">\n\t\t\t\t\t\t\t\t\t \t\t\t\t\t\t\t\t\t\t<h3 class=\"list-title\"> \n\t\t\t\t\t\t\t\t\t\t\t\t\t\t\t\t\t\t\t\t\t\tCoordenador Municipal de Defesa Civil de Belo Horizonte \u2013 2011 a 2018.  Secret\u00e1rio Nacional de Prote\u00e7\u00e3o e Defesa Civil \u2013 2019 a 2022. \t\t\t\t\t\t\t\t\t\t\t\t\t\t\t\t\t\t\t\t\t<\/h3>\n\t\t\t\t\t\t\t\t \t\t\t\t\t\t\t\t\t\t                                <\/div>\n                            <\/div>\n                        <\/div>\n                                            <div class=\"col-xl-12 col-lg-12 col-md-12 col-12\">\n                            <div class=\"Eco-list-box \">\n                                <div class=\" eco-icon-list\">\n                                    <div class=\"eco-list-icon\">\n                                        <i aria-hidden=\"true\" class=\"icofont icofont-check-circled\"><\/i>                                    <\/div>\n                                <\/div>\n                                <div class=\"list-content-area\">\n\t\t\t\t\t\t\t\t\t \t\t\t\t\t\t\t\t\t\t<h3 class=\"list-title\"> \n\t\t\t\t\t\t\t\t\t\t\t\t\t\t\t\t\t\t\t\t\t\tSecret\u00e1rio Nacional de Prote\u00e7\u00e3o e Defesa Civil \u2013 2019 a 2022\t\t\t\t\t\t\t\t\t\t\t\t\t\t\t\t\t\t\t\t\t<\/h3>\n\t\t\t\t\t\t\t\t \t\t\t\t\t\t\t\t\t\t                                <\/div>\n                            <\/div>\n                        <\/div>\n                                            <div class=\"col-xl-12 col-lg-12 col-md-12 col-12\">\n                            <div class=\"Eco-list-box \">\n                                <div class=\" eco-icon-list\">\n                                    <div class=\"eco-list-icon\">\n                                        <i aria-hidden=\"true\" class=\"bi bi-check-circle\"><\/i>                                    <\/div>\n                                <\/div>\n                                <div class=\"list-content-area\">\n\t\t\t\t\t\t\t\t\t \t\t\t\t\t\t\t\t\t\t<h3 class=\"list-title\"> \n\t\t\t\t\t\t\t\t\t\t\t\t\t\t\t\t\t\t\t\t\t\tGestor em grandes desastres brasileiros: Brumadinho, Mariana, Barragem de Algod\u00f5es (PI), inunda\u00e7\u00f5es em v\u00e1rios estados, inc\u00eandios florestais, seca e estiagem.\t\t\t\t\t\t\t\t\t\t\t\t\t\t\t\t\t\t\t\t\t<\/h3>\n\t\t\t\t\t\t\t\t \t\t\t\t\t\t\t\t\t\t                                <\/div>\n                            <\/div>\n                        <\/div>\n                                            <div class=\"col-xl-12 col-lg-12 col-md-12 col-12\">\n                            <div class=\"Eco-list-box \">\n                                <div class=\" eco-icon-list\">\n                                    <div class=\"eco-list-icon\">\n                                        <i aria-hidden=\"true\" class=\"icofont icofont-check-circled\"><\/i>                                    <\/div>\n                                <\/div>\n                                <div class=\"list-content-area\">\n\t\t\t\t\t\t\t\t\t \t\t\t\t\t\t\t\t\t\t<h3 class=\"list-title\"> \n\t\t\t\t\t\t\t\t\t\t\t\t\t\t\t\t\t\t\t\t\t\tPalestrante em semin\u00e1rios nacionais e internacionais de gest\u00e3o de riscos e desastres. \t\t\t\t\t\t\t\t\t\t\t\t\t\t\t\t\t\t\t\t\t<\/h3>\n\t\t\t\t\t\t\t\t \t\t\t\t\t\t\t\t\t\t                                <\/div>\n                            <\/div>\n                        <\/div>\n                                    <\/div>\n            <\/div>\n        <\/div>\n    \t\t<\/div>\n\t\t\t\t<\/div>\n\t\t\t\t<div class=\"elementor-element elementor-element-b742dd5 elementor-align-left elementor-widget__width-initial elementor-widget elementor-widget-button\" data-id=\"b742dd5\" data-element_type=\"widget\" data-widget_type=\"button.default\">\n\t\t\t\t<div class=\"elementor-widget-container\">\n\t\t\t\t\t<div class=\"elementor-button-wrapper\">\n\t\t\t<a class=\"elementor-button elementor-button-link elementor-size-sm\" href=\"https:\/\/lucas648.com.br\/index.php\/__trashed-2\/\">\n\t\t\t\t\t\t<span class=\"elementor-button-content-wrapper\">\n\t\t\t\t\t\t<span class=\"elementor-button-text\">Saiba mais sobre a sua experi\u00eancia, certifica\u00e7\u00f5es e m\u00e9ritos.<\/span>\n\t\t<\/span>\n\t\t\t\t\t<\/a>\n\t\t<\/div>\n\t\t\t\t<\/div>\n\t\t\t\t<\/div>\n\t\t\t\t\t<\/div>\n\t\t<\/div>\n\t\t\t\t\t\t\t<\/div>\n\t\t<\/section>\n\t\t\t\t<section class=\"elementor-section elementor-top-section elementor-element elementor-element-1eb1db71 elementor-section-content-middle elementor-section-boxed elementor-section-height-default elementor-section-height-default\" data-id=\"1eb1db71\" data-element_type=\"section\" data-settings=\"{&quot;background_background&quot;:&quot;classic&quot;}\">\n\t\t\t\t\t\t<div class=\"elementor-container elementor-column-gap-default\">\n\t\t\t\t\t<div class=\"elementor-column elementor-col-100 elementor-top-column elementor-element elementor-element-174b1695\" data-id=\"174b1695\" data-element_type=\"column\">\n\t\t\t<div class=\"elementor-widget-wrap elementor-element-populated\">\n\t\t\t\t\t\t\t\t<div class=\"elementor-element elementor-element-3ba60236 elementor-widget-mobile__width-initial elementor-widget elementor-widget-heading\" data-id=\"3ba60236\" data-element_type=\"widget\" data-widget_type=\"heading.default\">\n\t\t\t\t<div class=\"elementor-widget-container\">\n\t\t\t<h2 class=\"elementor-heading-title elementor-size-default\">Conte com o nosso apoio nos momentos de crise.<\/h2>\t\t<\/div>\n\t\t\t\t<\/div>\n\t\t\t\t<div class=\"elementor-element elementor-element-3573fd4b elementor-align-center elementor-widget-mobile__width-inherit elementor-mobile-align-center elementor-widget elementor-widget-button\" data-id=\"3573fd4b\" data-element_type=\"widget\" data-widget_type=\"button.default\">\n\t\t\t\t<div class=\"elementor-widget-container\">\n\t\t\t\t\t<div class=\"elementor-button-wrapper\">\n\t\t\t<a class=\"elementor-button elementor-button-link elementor-size-sm\" href=\"https:\/\/lucas648.com.br\/index.php\/contato\/\">\n\t\t\t\t\t\t<span class=\"elementor-button-content-wrapper\">\n\t\t\t\t\t\t<span class=\"elementor-button-text\">Clique aqui e pe\u00e7a uma proposta<\/span>\n\t\t<\/span>\n\t\t\t\t\t<\/a>\n\t\t<\/div>\n\t\t\t\t<\/div>\n\t\t\t\t<\/div>\n\t\t\t\t\t<\/div>\n\t\t<\/div>\n\t\t\t\t\t\t\t<\/div>\n\t\t<\/section>\n\t\t\t\t\t\t\t<\/div>\n\t\t","protected":false},"excerpt":{"rendered":"<p>ALEXANDRE LUCAS ALVES CORONEL PM Secret\u00e1rio Executivo de Defesa Civil de Minas Gerais \u2013 2004 a 2010. Coordenador Municipal de Defesa Civil de Belo Horizonte \u2013 2011 a 2018. Secret\u00e1rio Nacional de Prote\u00e7\u00e3o e Defesa Civil \u2013 2019 a 2022. Secret\u00e1rio Nacional de Prote\u00e7\u00e3o e Defesa Civil \u2013 2019 a 2022 Gestor em grandes desastres [&hellip;]<\/p>\n","protected":false},"author":1,"featured_media":0,"parent":0,"menu_order":0,"comment_status":"closed","ping_status":"closed","template":"blank-template.php","meta":{"footnotes":""},"yoast_head":"<!-- This site is optimized with the Yoast SEO plugin v21.5 - https:\/\/yoast.com\/wordpress\/plugins\/seo\/ -->\n<title>EQUIPE - Lucas648<\/title>\n<meta name=\"robots\" content=\"index, follow, max-snippet:-1, max-image-preview:large, max-video-preview:-1\" \/>\n<link rel=\"canonical\" href=\"https:\/\/lucas648.com.br\/index.php\/equipe\/\" \/>\n<meta property=\"og:locale\" content=\"pt_BR\" \/>\n<meta property=\"og:type\" content=\"article\" \/>\n<meta property=\"og:title\" content=\"EQUIPE - Lucas648\" \/>\n<meta property=\"og:description\" content=\"ALEXANDRE LUCAS ALVES CORONEL PM Secret\u00e1rio Executivo de Defesa Civil de Minas Gerais \u2013 2004 a 2010. Coordenador Municipal de Defesa Civil de Belo Horizonte \u2013 2011 a 2018. Secret\u00e1rio Nacional de Prote\u00e7\u00e3o e Defesa Civil \u2013 2019 a 2022. Secret\u00e1rio Nacional de Prote\u00e7\u00e3o e Defesa Civil \u2013 2019 a 2022 Gestor em grandes desastres [&hellip;]\" \/>\n<meta property=\"og:url\" content=\"https:\/\/lucas648.com.br\/index.php\/equipe\/\" \/>\n<meta property=\"og:site_name\" content=\"Lucas648\" \/>\n<meta property=\"article:modified_time\" content=\"2023-08-23T20:31:14+00:00\" \/>\n<meta property=\"og:image\" content=\"https:\/\/lucas648.com.br\/wp-content\/uploads\/2023\/08\/Foto-Lucas.webp\" \/>\n<meta name=\"twitter:card\" content=\"summary_large_image\" \/>\n<meta name=\"twitter:label1\" content=\"Est. tempo de leitura\" \/>\n\t<meta name=\"twitter:data1\" content=\"1 minuto\" \/>\n<script type=\"application\/ld+json\" class=\"yoast-schema-graph\">{\"@context\":\"https:\/\/schema.org\",\"@graph\":[{\"@type\":\"WebPage\",\"@id\":\"https:\/\/lucas648.com.br\/index.php\/equipe\/\",\"url\":\"https:\/\/lucas648.com.br\/index.php\/equipe\/\",\"name\":\"EQUIPE - Lucas648\",\"isPartOf\":{\"@id\":\"https:\/\/lucas648.com.br\/#website\"},\"datePublished\":\"2023-05-25T12:53:47+00:00\",\"dateModified\":\"2023-08-23T20:31:14+00:00\",\"breadcrumb\":{\"@id\":\"https:\/\/lucas648.com.br\/index.php\/equipe\/#breadcrumb\"},\"inLanguage\":\"pt-BR\",\"potentialAction\":[{\"@type\":\"ReadAction\",\"target\":[\"https:\/\/lucas648.com.br\/index.php\/equipe\/\"]}]},{\"@type\":\"BreadcrumbList\",\"@id\":\"https:\/\/lucas648.com.br\/index.php\/equipe\/#breadcrumb\",\"itemListElement\":[{\"@type\":\"ListItem\",\"position\":1,\"name\":\"In\u00edcio\",\"item\":\"https:\/\/lucas648.com.br\/\"},{\"@type\":\"ListItem\",\"position\":2,\"name\":\"EQUIPE\"}]},{\"@type\":\"WebSite\",\"@id\":\"https:\/\/lucas648.com.br\/#website\",\"url\":\"https:\/\/lucas648.com.br\/\",\"name\":\"Lucas648\",\"description\":\"Consultoria em gest\u00e3o de desastre e capta\u00e7\u00e3o de recursos.\",\"publisher\":{\"@id\":\"https:\/\/lucas648.com.br\/#organization\"},\"potentialAction\":[{\"@type\":\"SearchAction\",\"target\":{\"@type\":\"EntryPoint\",\"urlTemplate\":\"https:\/\/lucas648.com.br\/?s={search_term_string}\"},\"query-input\":\"required name=search_term_string\"}],\"inLanguage\":\"pt-BR\"},{\"@type\":\"Organization\",\"@id\":\"https:\/\/lucas648.com.br\/#organization\",\"name\":\"Lucas648\",\"url\":\"https:\/\/lucas648.com.br\/\",\"logo\":{\"@type\":\"ImageObject\",\"inLanguage\":\"pt-BR\",\"@id\":\"https:\/\/lucas648.com.br\/#\/schema\/logo\/image\/\",\"url\":\"https:\/\/lucas648.com.br\/wp-content\/uploads\/2023\/09\/pagina4.png\",\"contentUrl\":\"https:\/\/lucas648.com.br\/wp-content\/uploads\/2023\/09\/pagina4.png\",\"width\":600,\"height\":600,\"caption\":\"Lucas648\"},\"image\":{\"@id\":\"https:\/\/lucas648.com.br\/#\/schema\/logo\/image\/\"}}]}<\/script>\n<!-- \/ Yoast SEO plugin. -->","yoast_head_json":{"title":"EQUIPE - Lucas648","robots":{"index":"index","follow":"follow","max-snippet":"max-snippet:-1","max-image-preview":"max-image-preview:large","max-video-preview":"max-video-preview:-1"},"canonical":"https:\/\/lucas648.com.br\/index.php\/equipe\/","og_locale":"pt_BR","og_type":"article","og_title":"EQUIPE - Lucas648","og_description":"ALEXANDRE LUCAS ALVES CORONEL PM Secret\u00e1rio Executivo de Defesa Civil de Minas Gerais \u2013 2004 a 2010. Coordenador Municipal de Defesa Civil de Belo Horizonte \u2013 2011 a 2018. Secret\u00e1rio Nacional de Prote\u00e7\u00e3o e Defesa Civil \u2013 2019 a 2022. Secret\u00e1rio Nacional de Prote\u00e7\u00e3o e Defesa Civil \u2013 2019 a 2022 Gestor em grandes desastres [&hellip;]","og_url":"https:\/\/lucas648.com.br\/index.php\/equipe\/","og_site_name":"Lucas648","article_modified_time":"2023-08-23T20:31:14+00:00","og_image":[{"url":"https:\/\/lucas648.com.br\/wp-content\/uploads\/2023\/08\/Foto-Lucas.webp"}],"twitter_card":"summary_large_image","twitter_misc":{"Est. tempo de leitura":"1 minuto"},"schema":{"@context":"https:\/\/schema.org","@graph":[{"@type":"WebPage","@id":"https:\/\/lucas648.com.br\/index.php\/equipe\/","url":"https:\/\/lucas648.com.br\/index.php\/equipe\/","name":"EQUIPE - Lucas648","isPartOf":{"@id":"https:\/\/lucas648.com.br\/#website"},"datePublished":"2023-05-25T12:53:47+00:00","dateModified":"2023-08-23T20:31:14+00:00","breadcrumb":{"@id":"https:\/\/lucas648.com.br\/index.php\/equipe\/#breadcrumb"},"inLanguage":"pt-BR","potentialAction":[{"@type":"ReadAction","target":["https:\/\/lucas648.com.br\/index.php\/equipe\/"]}]},{"@type":"BreadcrumbList","@id":"https:\/\/lucas648.com.br\/index.php\/equipe\/#breadcrumb","itemListElement":[{"@type":"ListItem","position":1,"name":"In\u00edcio","item":"https:\/\/lucas648.com.br\/"},{"@type":"ListItem","position":2,"name":"EQUIPE"}]},{"@type":"WebSite","@id":"https:\/\/lucas648.com.br\/#website","url":"https:\/\/lucas648.com.br\/","name":"Lucas648","description":"Consultoria em gest\u00e3o de desastre e capta\u00e7\u00e3o de recursos.","publisher":{"@id":"https:\/\/lucas648.com.br\/#organization"},"potentialAction":[{"@type":"SearchAction","target":{"@type":"EntryPoint","urlTemplate":"https:\/\/lucas648.com.br\/?s={search_term_string}"},"query-input":"required name=search_term_string"}],"inLanguage":"pt-BR"},{"@type":"Organization","@id":"https:\/\/lucas648.com.br\/#organization","name":"Lucas648","url":"https:\/\/lucas648.com.br\/","logo":{"@type":"ImageObject","inLanguage":"pt-BR","@id":"https:\/\/lucas648.com.br\/#\/schema\/logo\/image\/","url":"https:\/\/lucas648.com.br\/wp-content\/uploads\/2023\/09\/pagina4.png","contentUrl":"https:\/\/lucas648.com.br\/wp-content\/uploads\/2023\/09\/pagina4.png","width":600,"height":600,"caption":"Lucas648"},"image":{"@id":"https:\/\/lucas648.com.br\/#\/schema\/logo\/image\/"}}]}},"_links":{"self":[{"href":"https:\/\/lucas648.com.br\/index.php\/wp-json\/wp\/v2\/pages\/4557"}],"collection":[{"href":"https:\/\/lucas648.com.br\/index.php\/wp-json\/wp\/v2\/pages"}],"about":[{"href":"https:\/\/lucas648.com.br\/index.php\/wp-json\/wp\/v2\/types\/page"}],"author":[{"embeddable":true,"href":"https:\/\/lucas648.com.br\/index.php\/wp-json\/wp\/v2\/users\/1"}],"replies":[{"embeddable":true,"href":"https:\/\/lucas648.com.br\/index.php\/wp-json\/wp\/v2\/comments?post=4557"}],"version-history":[{"count":24,"href":"https:\/\/lucas648.com.br\/index.php\/wp-json\/wp\/v2\/pages\/4557\/revisions"}],"predecessor-version":[{"id":6669,"href":"https:\/\/lucas648.com.br\/index.php\/wp-json\/wp\/v2\/pages\/4557\/revisions\/6669"}],"wp:attachment":[{"href":"https:\/\/lucas648.com.br\/index.php\/wp-json\/wp\/v2\/media?parent=4557"}],"curies":[{"name":"wp","href":"https:\/\/api.w.org\/{rel}","templated":true}]}}