{"id":4614,"date":"2023-05-25T10:52:18","date_gmt":"2023-05-25T13:52:18","guid":{"rendered":"https:\/\/lucas648.com.br\/?page_id=4614"},"modified":"2023-07-31T16:57:09","modified_gmt":"2023-07-31T19:57:09","slug":"desastres","status":"publish","type":"page","link":"https:\/\/lucas648.com.br\/index.php\/desastres\/","title":{"rendered":"SERVI\u00c7OS"},"content":{"rendered":"\t\t<div data-elementor-type=\"wp-page\" data-elementor-id=\"4614\" class=\"elementor elementor-4614\" data-elementor-post-type=\"page\">\n\t\t\t\t\t\t\t\t\t<section class=\"elementor-section elementor-top-section elementor-element elementor-element-5bbb1071 elementor-section-boxed elementor-section-height-default elementor-section-height-default\" data-id=\"5bbb1071\" data-element_type=\"section\">\n\t\t\t\t\t\t<div class=\"elementor-container elementor-column-gap-no\">\n\t\t\t\t\t<div class=\"elementor-column elementor-col-33 elementor-top-column elementor-element elementor-element-3e547fe0\" data-id=\"3e547fe0\" data-element_type=\"column\">\n\t\t\t<div class=\"elementor-widget-wrap elementor-element-populated\">\n\t\t\t\t\t\t\t\t<div class=\"elementor-element elementor-element-2ba354e6 elementor-widget__width-initial elementor-widget elementor-widget-heading\" data-id=\"2ba354e6\" data-element_type=\"widget\" data-widget_type=\"heading.default\">\n\t\t\t\t<div class=\"elementor-widget-container\">\n\t\t\t<style>\/*! elementor - v3.17.0 - 08-11-2023 *\/\n.elementor-heading-title{padding:0;margin:0;line-height:1}.elementor-widget-heading .elementor-heading-title[class*=elementor-size-]>a{color:inherit;font-size:inherit;line-height:inherit}.elementor-widget-heading .elementor-heading-title.elementor-size-small{font-size:15px}.elementor-widget-heading .elementor-heading-title.elementor-size-medium{font-size:19px}.elementor-widget-heading .elementor-heading-title.elementor-size-large{font-size:29px}.elementor-widget-heading .elementor-heading-title.elementor-size-xl{font-size:39px}.elementor-widget-heading .elementor-heading-title.elementor-size-xxl{font-size:59px}<\/style><h2 class=\"elementor-heading-title elementor-size-default\">GEST\u00c3O INTEGRAL DO DESASTRE<\/h2>\t\t<\/div>\n\t\t\t\t<\/div>\n\t\t\t\t<div class=\"elementor-element elementor-element-8628b82 elementor-widget elementor-widget-spacer\" data-id=\"8628b82\" data-element_type=\"widget\" data-widget_type=\"spacer.default\">\n\t\t\t\t<div class=\"elementor-widget-container\">\n\t\t\t<style>\/*! elementor - v3.17.0 - 08-11-2023 *\/\n.elementor-column .elementor-spacer-inner{height:var(--spacer-size)}.e-con{--container-widget-width:100%}.e-con-inner>.elementor-widget-spacer,.e-con>.elementor-widget-spacer{width:var(--container-widget-width,var(--spacer-size));--align-self:var(--container-widget-align-self,initial);--flex-shrink:0}.e-con-inner>.elementor-widget-spacer>.elementor-widget-container,.e-con>.elementor-widget-spacer>.elementor-widget-container{height:100%;width:100%}.e-con-inner>.elementor-widget-spacer>.elementor-widget-container>.elementor-spacer,.e-con>.elementor-widget-spacer>.elementor-widget-container>.elementor-spacer{height:100%}.e-con-inner>.elementor-widget-spacer>.elementor-widget-container>.elementor-spacer>.elementor-spacer-inner,.e-con>.elementor-widget-spacer>.elementor-widget-container>.elementor-spacer>.elementor-spacer-inner{height:var(--container-widget-height,var(--spacer-size))}.e-con-inner>.elementor-widget-spacer.elementor-widget-empty,.e-con>.elementor-widget-spacer.elementor-widget-empty{position:relative;min-height:22px;min-width:22px}.e-con-inner>.elementor-widget-spacer.elementor-widget-empty .elementor-widget-empty-icon,.e-con>.elementor-widget-spacer.elementor-widget-empty .elementor-widget-empty-icon{position:absolute;top:0;bottom:0;left:0;right:0;margin:auto;padding:0;width:22px;height:22px}<\/style>\t\t<div class=\"elementor-spacer\">\n\t\t\t<div class=\"elementor-spacer-inner\"><\/div>\n\t\t<\/div>\n\t\t\t\t<\/div>\n\t\t\t\t<\/div>\n\t\t\t\t<div class=\"elementor-element elementor-element-76d377a8 elementor-widget__width-initial elementor-widget elementor-widget-eco_eco-v2\" data-id=\"76d377a8\" data-element_type=\"widget\" data-widget_type=\"eco_eco-v2.default\">\n\t\t\t\t<div class=\"elementor-widget-container\">\n\t\t\t        <div class=\"ecofine_list-wrapper\">\n            <div class=\"container\">\n                <div class=\"row \">\n                                            <div class=\"col-xl-12 col-lg-12 col-md-12 col-12\">\n                            <div class=\"Eco-list-box \">\n                                <div class=\" eco-icon-list\">\n                                    <div class=\"eco-list-icon\">\n                                        <i aria-hidden=\"true\" class=\"bi bi-check2\"><\/i>                                    <\/div>\n                                <\/div>\n                                <div class=\"list-content-area\">\n\t\t\t\t\t\t\t\t\t \t\t\t\t\t\t\t\t\t\t<h3 class=\"list-title\"> \n\t\t\t\t\t\t\t\t\t\t\t\t\t\t\t\t\t\t\t\t\t\tAjuda na busca de solu\u00e7\u00f5es aos \u00f3rg\u00e3os p\u00fablicos que t\u00eam os recursos log\u00edsticos comprometidos e a rotina de seus processos interrompida.\t\t\t\t\t\t\t\t\t\t\t\t\t\t\t\t\t\t\t\t\t<\/h3>\n\t\t\t\t\t\t\t\t \t\t\t\t\t\t\t\t\t\t                                <\/div>\n                            <\/div>\n                        <\/div>\n                                            <div class=\"col-xl-12 col-lg-12 col-md-12 col-12\">\n                            <div class=\"Eco-list-box \">\n                                <div class=\" eco-icon-list\">\n                                    <div class=\"eco-list-icon\">\n                                        <i aria-hidden=\"true\" class=\"bi bi-check2\"><\/i>                                    <\/div>\n                                <\/div>\n                                <div class=\"list-content-area\">\n\t\t\t\t\t\t\t\t\t \t\t\t\t\t\t\t\t\t\t<h3 class=\"list-title\"> \n\t\t\t\t\t\t\t\t\t\t\t\t\t\t\t\t\t\t\t\t\t\tOrienta\u00e7\u00e3o para a\u00e7\u00f5es de socorro, na assist\u00eancia humanit\u00e1ria e no restabelecimento da normalidade.\t\t\t\t\t\t\t\t\t\t\t\t\t\t\t\t\t\t\t\t\t<\/h3>\n\t\t\t\t\t\t\t\t \t\t\t\t\t\t\t\t\t\t                                <\/div>\n                            <\/div>\n                        <\/div>\n                                            <div class=\"col-xl-12 col-lg-12 col-md-12 col-12\">\n                            <div class=\"Eco-list-box \">\n                                <div class=\" eco-icon-list\">\n                                    <div class=\"eco-list-icon\">\n                                        <i aria-hidden=\"true\" class=\"bi bi-check2\"><\/i>                                    <\/div>\n                                <\/div>\n                                <div class=\"list-content-area\">\n\t\t\t\t\t\t\t\t\t \t\t\t\t\t\t\t\t\t\t<h3 class=\"list-title\"> \n\t\t\t\t\t\t\t\t\t\t\t\t\t\t\t\t\t\t\t\t\t\tConsultoria para defini\u00e7\u00e3o de processos e caminhos operacionais, jur\u00eddicos e na capta\u00e7\u00e3o de recursos para a reorganiza\u00e7\u00e3o da cidade.\t\t\t\t\t\t\t\t\t\t\t\t\t\t\t\t\t\t\t\t\t<\/h3>\n\t\t\t\t\t\t\t\t \t\t\t\t\t\t\t\t\t\t                                <\/div>\n                            <\/div>\n                        <\/div>\n                                    <\/div>\n            <\/div>\n        <\/div>\n    \t\t<\/div>\n\t\t\t\t<\/div>\n\t\t\t\t\t<\/div>\n\t\t<\/div>\n\t\t\t\t<div class=\"elementor-column elementor-col-66 elementor-top-column elementor-element elementor-element-6c7a7d\" data-id=\"6c7a7d\" data-element_type=\"column\">\n\t\t\t<div class=\"elementor-widget-wrap elementor-element-populated\">\n\t\t\t\t\t\t\t\t<div class=\"elementor-element elementor-element-3a6f451d elementor-widget__width-initial elementor-widget elementor-widget-eco_image\" data-id=\"3a6f451d\" data-element_type=\"widget\" data-widget_type=\"eco_image.default\">\n\t\t\t\t<div class=\"elementor-widget-container\">\n\t\t\t            <div class=\"eco-image-wrapper \">\n                <div class=\"eco-image\">\n                    <img loading=\"lazy\" decoding=\"async\" width=\"700\" height=\"700\" src=\"https:\/\/lucas648.com.br\/wp-content\/uploads\/2023\/05\/SERVICOS_GESTAO.webp\" class=\"attachment-full size-full wp-image-3904\" alt=\"\" srcset=\"https:\/\/lucas648.com.br\/wp-content\/uploads\/2023\/05\/SERVICOS_GESTAO.webp 700w, https:\/\/lucas648.com.br\/wp-content\/uploads\/2023\/05\/SERVICOS_GESTAO-300x300.webp 300w, https:\/\/lucas648.com.br\/wp-content\/uploads\/2023\/05\/SERVICOS_GESTAO-150x150.webp 150w\" sizes=\"(max-width: 700px) 100vw, 700px\" \/>                <\/div>\n            <\/div>\n        \t\t<\/div>\n\t\t\t\t<\/div>\n\t\t\t\t\t<\/div>\n\t\t<\/div>\n\t\t\t\t\t\t\t<\/div>\n\t\t<\/section>\n\t\t\t\t<section class=\"elementor-section elementor-top-section elementor-element elementor-element-9a7d08e elementor-section-boxed elementor-section-height-default elementor-section-height-default\" data-id=\"9a7d08e\" data-element_type=\"section\" data-settings=\"{&quot;background_background&quot;:&quot;classic&quot;}\">\n\t\t\t\t\t\t<div class=\"elementor-container elementor-column-gap-default\">\n\t\t\t\t\t<div class=\"elementor-column elementor-col-50 elementor-top-column elementor-element elementor-element-92c7144\" data-id=\"92c7144\" data-element_type=\"column\">\n\t\t\t<div class=\"elementor-widget-wrap elementor-element-populated\">\n\t\t\t\t\t\t\t\t<div class=\"elementor-element elementor-element-2c77244 elementor-widget__width-initial elementor-widget-mobile__width-initial elementor-widget elementor-widget-image\" data-id=\"2c77244\" data-element_type=\"widget\" data-widget_type=\"image.default\">\n\t\t\t\t<div class=\"elementor-widget-container\">\n\t\t\t<style>\/*! elementor - v3.17.0 - 08-11-2023 *\/\n.elementor-widget-image{text-align:center}.elementor-widget-image a{display:inline-block}.elementor-widget-image a img[src$=\".svg\"]{width:48px}.elementor-widget-image img{vertical-align:middle;display:inline-block}<\/style>\t\t\t\t\t\t\t\t\t\t\t\t<img loading=\"lazy\" decoding=\"async\" width=\"685\" height=\"513\" src=\"https:\/\/lucas648.com.br\/wp-content\/uploads\/2023\/05\/LOGO_CTA.png\" class=\"attachment-ecofine-large size-ecofine-large wp-image-4456\" alt=\"\" srcset=\"https:\/\/lucas648.com.br\/wp-content\/uploads\/2023\/05\/LOGO_CTA.png 685w, https:\/\/lucas648.com.br\/wp-content\/uploads\/2023\/05\/LOGO_CTA-300x225.png 300w\" sizes=\"(max-width: 685px) 100vw, 685px\" \/>\t\t\t\t\t\t\t\t\t\t\t\t\t\t\t<\/div>\n\t\t\t\t<\/div>\n\t\t\t\t\t<\/div>\n\t\t<\/div>\n\t\t\t\t<div class=\"elementor-column elementor-col-50 elementor-top-column elementor-element elementor-element-68b5fba\" data-id=\"68b5fba\" data-element_type=\"column\">\n\t\t\t<div class=\"elementor-widget-wrap elementor-element-populated\">\n\t\t\t\t\t\t\t\t<div class=\"elementor-element elementor-element-df3c0d3 elementor-widget__width-initial elementor-widget-mobile__width-initial elementor-widget elementor-widget-text-editor\" data-id=\"df3c0d3\" data-element_type=\"widget\" data-widget_type=\"text-editor.default\">\n\t\t\t\t<div class=\"elementor-widget-container\">\n\t\t\t<style>\/*! elementor - v3.17.0 - 08-11-2023 *\/\n.elementor-widget-text-editor.elementor-drop-cap-view-stacked .elementor-drop-cap{background-color:#69727d;color:#fff}.elementor-widget-text-editor.elementor-drop-cap-view-framed .elementor-drop-cap{color:#69727d;border:3px solid;background-color:transparent}.elementor-widget-text-editor:not(.elementor-drop-cap-view-default) .elementor-drop-cap{margin-top:8px}.elementor-widget-text-editor:not(.elementor-drop-cap-view-default) .elementor-drop-cap-letter{width:1em;height:1em}.elementor-widget-text-editor .elementor-drop-cap{float:left;text-align:center;line-height:1;font-size:50px}.elementor-widget-text-editor .elementor-drop-cap-letter{display:inline-block}<\/style>\t\t\t\t<p style=\"text-align: center;\"><strong><span style=\"color: #ffffff;\">Apoio nos momentos de crise<\/span><\/strong><\/p>\t\t\t\t\t\t<\/div>\n\t\t\t\t<\/div>\n\t\t\t\t<div class=\"elementor-element elementor-element-e68312a elementor-align-center elementor-widget__width-initial elementor-widget-mobile__width-initial elementor-widget elementor-widget-button\" data-id=\"e68312a\" data-element_type=\"widget\" data-widget_type=\"button.default\">\n\t\t\t\t<div class=\"elementor-widget-container\">\n\t\t\t\t\t<div class=\"elementor-button-wrapper\">\n\t\t\t<a class=\"elementor-button elementor-button-link elementor-size-sm\" href=\"https:\/\/lucas648.com.br\/index.php\/contato\/\">\n\t\t\t\t\t\t<span class=\"elementor-button-content-wrapper\">\n\t\t\t\t\t\t<span class=\"elementor-button-text\">Pe\u00e7a uma proposta<\/span>\n\t\t<\/span>\n\t\t\t\t\t<\/a>\n\t\t<\/div>\n\t\t\t\t<\/div>\n\t\t\t\t<\/div>\n\t\t\t\t\t<\/div>\n\t\t<\/div>\n\t\t\t\t\t\t\t<\/div>\n\t\t<\/section>\n\t\t\t\t\t\t\t<\/div>\n\t\t","protected":false},"excerpt":{"rendered":"<p>GEST\u00c3O INTEGRAL DO DESASTRE Ajuda na busca de solu\u00e7\u00f5es aos \u00f3rg\u00e3os p\u00fablicos que t\u00eam os recursos log\u00edsticos comprometidos e a rotina de seus processos interrompida. Orienta\u00e7\u00e3o para a\u00e7\u00f5es de socorro, na assist\u00eancia humanit\u00e1ria e no restabelecimento da normalidade. Consultoria para defini\u00e7\u00e3o de processos e caminhos operacionais, jur\u00eddicos e na capta\u00e7\u00e3o de recursos para a reorganiza\u00e7\u00e3o [&hellip;]<\/p>\n","protected":false},"author":1,"featured_media":0,"parent":0,"menu_order":0,"comment_status":"closed","ping_status":"closed","template":"blank-template.php","meta":{"footnotes":""},"yoast_head":"<!-- This site is optimized with the Yoast SEO plugin v21.5 - https:\/\/yoast.com\/wordpress\/plugins\/seo\/ -->\n<title>SERVI\u00c7OS - Lucas648<\/title>\n<meta name=\"robots\" content=\"index, follow, max-snippet:-1, max-image-preview:large, max-video-preview:-1\" \/>\n<link rel=\"canonical\" href=\"https:\/\/lucas648.com.br\/index.php\/desastres\/\" \/>\n<meta property=\"og:locale\" content=\"pt_BR\" \/>\n<meta property=\"og:type\" content=\"article\" \/>\n<meta property=\"og:title\" content=\"SERVI\u00c7OS - Lucas648\" \/>\n<meta property=\"og:description\" content=\"GEST\u00c3O INTEGRAL DO DESASTRE Ajuda na busca de solu\u00e7\u00f5es aos \u00f3rg\u00e3os p\u00fablicos que t\u00eam os recursos log\u00edsticos comprometidos e a rotina de seus processos interrompida. Orienta\u00e7\u00e3o para a\u00e7\u00f5es de socorro, na assist\u00eancia humanit\u00e1ria e no restabelecimento da normalidade. Consultoria para defini\u00e7\u00e3o de processos e caminhos operacionais, jur\u00eddicos e na capta\u00e7\u00e3o de recursos para a reorganiza\u00e7\u00e3o [&hellip;]\" \/>\n<meta property=\"og:url\" content=\"https:\/\/lucas648.com.br\/index.php\/desastres\/\" \/>\n<meta property=\"og:site_name\" content=\"Lucas648\" \/>\n<meta property=\"article:modified_time\" content=\"2023-07-31T19:57:09+00:00\" \/>\n<meta property=\"og:image\" content=\"https:\/\/lucas648.com.br\/wp-content\/uploads\/2023\/05\/SERVICOS_GESTAO.webp\" \/>\n<meta name=\"twitter:card\" content=\"summary_large_image\" \/>\n<script type=\"application\/ld+json\" class=\"yoast-schema-graph\">{\"@context\":\"https:\/\/schema.org\",\"@graph\":[{\"@type\":\"WebPage\",\"@id\":\"https:\/\/lucas648.com.br\/index.php\/desastres\/\",\"url\":\"https:\/\/lucas648.com.br\/index.php\/desastres\/\",\"name\":\"SERVI\u00c7OS - Lucas648\",\"isPartOf\":{\"@id\":\"https:\/\/lucas648.com.br\/#website\"},\"datePublished\":\"2023-05-25T13:52:18+00:00\",\"dateModified\":\"2023-07-31T19:57:09+00:00\",\"breadcrumb\":{\"@id\":\"https:\/\/lucas648.com.br\/index.php\/desastres\/#breadcrumb\"},\"inLanguage\":\"pt-BR\",\"potentialAction\":[{\"@type\":\"ReadAction\",\"target\":[\"https:\/\/lucas648.com.br\/index.php\/desastres\/\"]}]},{\"@type\":\"BreadcrumbList\",\"@id\":\"https:\/\/lucas648.com.br\/index.php\/desastres\/#breadcrumb\",\"itemListElement\":[{\"@type\":\"ListItem\",\"position\":1,\"name\":\"In\u00edcio\",\"item\":\"https:\/\/lucas648.com.br\/\"},{\"@type\":\"ListItem\",\"position\":2,\"name\":\"SERVI\u00c7OS\"}]},{\"@type\":\"WebSite\",\"@id\":\"https:\/\/lucas648.com.br\/#website\",\"url\":\"https:\/\/lucas648.com.br\/\",\"name\":\"Lucas648\",\"description\":\"Consultoria em gest\u00e3o de desastre e capta\u00e7\u00e3o de recursos.\",\"publisher\":{\"@id\":\"https:\/\/lucas648.com.br\/#organization\"},\"potentialAction\":[{\"@type\":\"SearchAction\",\"target\":{\"@type\":\"EntryPoint\",\"urlTemplate\":\"https:\/\/lucas648.com.br\/?s={search_term_string}\"},\"query-input\":\"required name=search_term_string\"}],\"inLanguage\":\"pt-BR\"},{\"@type\":\"Organization\",\"@id\":\"https:\/\/lucas648.com.br\/#organization\",\"name\":\"Lucas648\",\"url\":\"https:\/\/lucas648.com.br\/\",\"logo\":{\"@type\":\"ImageObject\",\"inLanguage\":\"pt-BR\",\"@id\":\"https:\/\/lucas648.com.br\/#\/schema\/logo\/image\/\",\"url\":\"https:\/\/lucas648.com.br\/wp-content\/uploads\/2023\/09\/pagina4.png\",\"contentUrl\":\"https:\/\/lucas648.com.br\/wp-content\/uploads\/2023\/09\/pagina4.png\",\"width\":600,\"height\":600,\"caption\":\"Lucas648\"},\"image\":{\"@id\":\"https:\/\/lucas648.com.br\/#\/schema\/logo\/image\/\"}}]}<\/script>\n<!-- \/ Yoast SEO plugin. -->","yoast_head_json":{"title":"SERVI\u00c7OS - Lucas648","robots":{"index":"index","follow":"follow","max-snippet":"max-snippet:-1","max-image-preview":"max-image-preview:large","max-video-preview":"max-video-preview:-1"},"canonical":"https:\/\/lucas648.com.br\/index.php\/desastres\/","og_locale":"pt_BR","og_type":"article","og_title":"SERVI\u00c7OS - Lucas648","og_description":"GEST\u00c3O INTEGRAL DO DESASTRE Ajuda na busca de solu\u00e7\u00f5es aos \u00f3rg\u00e3os p\u00fablicos que t\u00eam os recursos log\u00edsticos comprometidos e a rotina de seus processos interrompida. Orienta\u00e7\u00e3o para a\u00e7\u00f5es de socorro, na assist\u00eancia humanit\u00e1ria e no restabelecimento da normalidade. Consultoria para defini\u00e7\u00e3o de processos e caminhos operacionais, jur\u00eddicos e na capta\u00e7\u00e3o de recursos para a reorganiza\u00e7\u00e3o [&hellip;]","og_url":"https:\/\/lucas648.com.br\/index.php\/desastres\/","og_site_name":"Lucas648","article_modified_time":"2023-07-31T19:57:09+00:00","og_image":[{"url":"https:\/\/lucas648.com.br\/wp-content\/uploads\/2023\/05\/SERVICOS_GESTAO.webp"}],"twitter_card":"summary_large_image","schema":{"@context":"https:\/\/schema.org","@graph":[{"@type":"WebPage","@id":"https:\/\/lucas648.com.br\/index.php\/desastres\/","url":"https:\/\/lucas648.com.br\/index.php\/desastres\/","name":"SERVI\u00c7OS - Lucas648","isPartOf":{"@id":"https:\/\/lucas648.com.br\/#website"},"datePublished":"2023-05-25T13:52:18+00:00","dateModified":"2023-07-31T19:57:09+00:00","breadcrumb":{"@id":"https:\/\/lucas648.com.br\/index.php\/desastres\/#breadcrumb"},"inLanguage":"pt-BR","potentialAction":[{"@type":"ReadAction","target":["https:\/\/lucas648.com.br\/index.php\/desastres\/"]}]},{"@type":"BreadcrumbList","@id":"https:\/\/lucas648.com.br\/index.php\/desastres\/#breadcrumb","itemListElement":[{"@type":"ListItem","position":1,"name":"In\u00edcio","item":"https:\/\/lucas648.com.br\/"},{"@type":"ListItem","position":2,"name":"SERVI\u00c7OS"}]},{"@type":"WebSite","@id":"https:\/\/lucas648.com.br\/#website","url":"https:\/\/lucas648.com.br\/","name":"Lucas648","description":"Consultoria em gest\u00e3o de desastre e capta\u00e7\u00e3o de recursos.","publisher":{"@id":"https:\/\/lucas648.com.br\/#organization"},"potentialAction":[{"@type":"SearchAction","target":{"@type":"EntryPoint","urlTemplate":"https:\/\/lucas648.com.br\/?s={search_term_string}"},"query-input":"required name=search_term_string"}],"inLanguage":"pt-BR"},{"@type":"Organization","@id":"https:\/\/lucas648.com.br\/#organization","name":"Lucas648","url":"https:\/\/lucas648.com.br\/","logo":{"@type":"ImageObject","inLanguage":"pt-BR","@id":"https:\/\/lucas648.com.br\/#\/schema\/logo\/image\/","url":"https:\/\/lucas648.com.br\/wp-content\/uploads\/2023\/09\/pagina4.png","contentUrl":"https:\/\/lucas648.com.br\/wp-content\/uploads\/2023\/09\/pagina4.png","width":600,"height":600,"caption":"Lucas648"},"image":{"@id":"https:\/\/lucas648.com.br\/#\/schema\/logo\/image\/"}}]}},"_links":{"self":[{"href":"https:\/\/lucas648.com.br\/index.php\/wp-json\/wp\/v2\/pages\/4614"}],"collection":[{"href":"https:\/\/lucas648.com.br\/index.php\/wp-json\/wp\/v2\/pages"}],"about":[{"href":"https:\/\/lucas648.com.br\/index.php\/wp-json\/wp\/v2\/types\/page"}],"author":[{"embeddable":true,"href":"https:\/\/lucas648.com.br\/index.php\/wp-json\/wp\/v2\/users\/1"}],"replies":[{"embeddable":true,"href":"https:\/\/lucas648.com.br\/index.php\/wp-json\/wp\/v2\/comments?post=4614"}],"version-history":[{"count":22,"href":"https:\/\/lucas648.com.br\/index.php\/wp-json\/wp\/v2\/pages\/4614\/revisions"}],"predecessor-version":[{"id":5718,"href":"https:\/\/lucas648.com.br\/index.php\/wp-json\/wp\/v2\/pages\/4614\/revisions\/5718"}],"wp:attachment":[{"href":"https:\/\/lucas648.com.br\/index.php\/wp-json\/wp\/v2\/media?parent=4614"}],"curies":[{"name":"wp","href":"https:\/\/api.w.org\/{rel}","templated":true}]}}