{"id":4843,"date":"2023-05-26T09:50:57","date_gmt":"2023-05-26T12:50:57","guid":{"rendered":"https:\/\/lucas648.com.br\/?page_id=4843"},"modified":"2023-08-21T08:23:29","modified_gmt":"2023-08-21T11:23:29","slug":"jatai-cerara","status":"publish","type":"page","link":"https:\/\/lucas648.com.br\/index.php\/jatai-cerara\/","title":{"rendered":"ATUA\u00c7\u00d5ES"},"content":{"rendered":"\t\t<div data-elementor-type=\"wp-page\" data-elementor-id=\"4843\" class=\"elementor elementor-4843\" data-elementor-post-type=\"page\">\n\t\t\t\t\t\t\t\t\t<section class=\"elementor-section elementor-top-section elementor-element elementor-element-dcc960d elementor-section-content-middle elementor-section-boxed elementor-section-height-default elementor-section-height-default\" data-id=\"dcc960d\" data-element_type=\"section\" data-settings=\"{&quot;background_background&quot;:&quot;classic&quot;}\">\n\t\t\t\t\t\t<div class=\"elementor-container elementor-column-gap-no\">\n\t\t\t\t\t<div class=\"elementor-column elementor-col-50 elementor-top-column elementor-element elementor-element-cdfd1f9\" data-id=\"cdfd1f9\" data-element_type=\"column\">\n\t\t\t<div class=\"elementor-widget-wrap elementor-element-populated\">\n\t\t\t\t\t\t\t\t<div class=\"elementor-element elementor-element-ea140d7 elementor-vertical-align-top elementor-widget elementor-widget-icon-box\" data-id=\"ea140d7\" data-element_type=\"widget\" data-widget_type=\"icon-box.default\">\n\t\t\t\t<div class=\"elementor-widget-container\">\n\t\t\t<link rel=\"stylesheet\" href=\"https:\/\/lucas648.com.br\/wp-content\/plugins\/elementor\/assets\/css\/widget-icon-box.min.css\">\t\t<div class=\"elementor-icon-box-wrapper\">\n\t\t\t\t\t\t<div class=\"elementor-icon-box-content\">\n\t\t\t\t<h3 class=\"elementor-icon-box-title\">\n\t\t\t\t\t<span  >\n\t\t\t\t\t\tROMPIMENTO DA BARRAGEM EM JATI\t\t\t\t\t<\/span>\n\t\t\t\t<\/h3>\n\t\t\t\t\t\t\t<\/div>\n\t\t<\/div>\n\t\t\t\t<\/div>\n\t\t\t\t<\/div>\n\t\t\t\t<div class=\"elementor-element elementor-element-36afc7b elementor-widget elementor-widget-heading\" data-id=\"36afc7b\" data-element_type=\"widget\" data-widget_type=\"heading.default\">\n\t\t\t\t<div class=\"elementor-widget-container\">\n\t\t\t<style>\/*! elementor - v3.17.0 - 08-11-2023 *\/\n.elementor-heading-title{padding:0;margin:0;line-height:1}.elementor-widget-heading .elementor-heading-title[class*=elementor-size-]>a{color:inherit;font-size:inherit;line-height:inherit}.elementor-widget-heading .elementor-heading-title.elementor-size-small{font-size:15px}.elementor-widget-heading .elementor-heading-title.elementor-size-medium{font-size:19px}.elementor-widget-heading .elementor-heading-title.elementor-size-large{font-size:29px}.elementor-widget-heading .elementor-heading-title.elementor-size-xl{font-size:39px}.elementor-widget-heading .elementor-heading-title.elementor-size-xxl{font-size:59px}<\/style><h2 class=\"elementor-heading-title elementor-size-default\">CEAR\u00c1 2020<\/h2>\t\t<\/div>\n\t\t\t\t<\/div>\n\t\t\t\t<div class=\"elementor-element elementor-element-5528ec9 elementor-widget__width-initial elementor-widget elementor-widget-ecofinecore_about_us\" data-id=\"5528ec9\" data-element_type=\"widget\" data-widget_type=\"ecofinecore_about_us.default\">\n\t\t\t\t<div class=\"elementor-widget-container\">\n\t\t\t           <script>\n            (function ($) {\n                \"use strict\";\n                $(document).ready(function () {\n                    $(\".skillbar\").each(function() {\n                        $(this).appear(function() {\n                            $(this).find(\".count-bar\").animate({\n                                width:$(this).attr(\"data-percent\")\n                            },3000);\n                        });\n                    });\n\n                    $(\".skill-percent-count\").counterUp({\n                        delay: 10,\n                        time: 3000\n                    });\n                });\n            })(jQuery);\n        <\/script>\n        <div class=\"about-section-wraper about-two\">\n            <div class=\"container\">\n                <div class=\"about_content\">\n                    <div class=\"about-item\">\n                                                                         \n                            <div class=\"about-des\"> <p>O rompimento de uma tubula\u00e7\u00e3o na barragem de Jati (CE) provocou o soterramento de ve\u00edculos e m\u00e1quinas, al\u00e9m de desalojar cerca de 2000 pessoas. Houve a necessidade de uma gest\u00e3o t\u00e9cnica e imediata do desastre, al\u00e9m de orienta\u00e7\u00e3o para garantir os recursos que iriam assistir \u00e0s fam\u00edlias afetadas.<\/p> <\/div>\n                                            <\/div>\n                                        <div class=\"about-two-items\">\n                        <div class=\" about-v2-item\">\n                            <div class=\"about-author-image\">\n                                   \n                            <\/div>\n                            <div class=\"about-author-information\">\n                                <span class=\"about-name-designation\"> <\/span>             \n                                <h3 class=\"about-name\"><\/h3>          \n                            <\/div>\n                        <\/div>\n                                            <\/div>\n                <\/div>\n            <\/div>\n        <\/div>\n        \t\t<\/div>\n\t\t\t\t<\/div>\n\t\t\t\t\t<\/div>\n\t\t<\/div>\n\t\t\t\t<div class=\"elementor-column elementor-col-50 elementor-top-column elementor-element elementor-element-32b8809\" data-id=\"32b8809\" data-element_type=\"column\">\n\t\t\t<div class=\"elementor-widget-wrap elementor-element-populated\">\n\t\t\t\t\t\t\t\t<div class=\"elementor-element elementor-element-32bc27b elementor-widget__width-initial elementor-widget elementor-widget-eco_about_image\" data-id=\"32bc27b\" data-element_type=\"widget\" data-widget_type=\"eco_about_image.default\">\n\t\t\t\t<div class=\"elementor-widget-container\">\n\t\t\t      <div class=\"about-image-wraper\">\n            <div class=\"about-image_item\">\n                    <img loading=\"lazy\" decoding=\"async\" width=\"1200\" height=\"1000\" src=\"https:\/\/lucas648.com.br\/wp-content\/uploads\/2023\/05\/JATI_CEARA_2020_4.webp\" class=\"attachment-full size-full\" alt=\"\" srcset=\"https:\/\/lucas648.com.br\/wp-content\/uploads\/2023\/05\/JATI_CEARA_2020_4.webp 1200w, https:\/\/lucas648.com.br\/wp-content\/uploads\/2023\/05\/JATI_CEARA_2020_4-300x250.webp 300w, https:\/\/lucas648.com.br\/wp-content\/uploads\/2023\/05\/JATI_CEARA_2020_4-1024x853.webp 1024w, https:\/\/lucas648.com.br\/wp-content\/uploads\/2023\/05\/JATI_CEARA_2020_4-768x640.webp 768w\" sizes=\"(max-width: 1200px) 100vw, 1200px\" \/>                                            <div class=\"about-s-image\">\n                                                    <\/div>\n                                <\/div>\n        <\/div>\n        \t\t<\/div>\n\t\t\t\t<\/div>\n\t\t\t\t\t<\/div>\n\t\t<\/div>\n\t\t\t\t\t\t\t<\/div>\n\t\t<\/section>\n\t\t\t\t<section class=\"elementor-section elementor-top-section elementor-element elementor-element-25e0256c elementor-section-boxed elementor-section-height-default elementor-section-height-default\" data-id=\"25e0256c\" data-element_type=\"section\" data-settings=\"{&quot;background_background&quot;:&quot;classic&quot;}\">\n\t\t\t\t\t\t<div class=\"elementor-container elementor-column-gap-no\">\n\t\t\t\t\t<div class=\"elementor-column elementor-col-100 elementor-top-column elementor-element elementor-element-5ce4e2c6\" data-id=\"5ce4e2c6\" data-element_type=\"column\">\n\t\t\t<div class=\"elementor-widget-wrap elementor-element-populated\">\n\t\t\t\t\t\t\t\t<div class=\"elementor-element elementor-element-f2e81d4 elementor-vertical-align-top elementor-widget elementor-widget-icon-box\" data-id=\"f2e81d4\" data-element_type=\"widget\" data-widget_type=\"icon-box.default\">\n\t\t\t\t<div class=\"elementor-widget-container\">\n\t\t\t\t\t<div class=\"elementor-icon-box-wrapper\">\n\t\t\t\t\t\t<div class=\"elementor-icon-box-content\">\n\t\t\t\t<h3 class=\"elementor-icon-box-title\">\n\t\t\t\t\t<span  >\n\t\t\t\t\t\tGALERIA DE FOTOS\t\t\t\t\t<\/span>\n\t\t\t\t<\/h3>\n\t\t\t\t\t\t\t<\/div>\n\t\t<\/div>\n\t\t\t\t<\/div>\n\t\t\t\t<\/div>\n\t\t\t\t<div class=\"elementor-element elementor-element-25eb457 elementor-arrows-position-outside elementor-pagination-position-outside elementor-widget elementor-widget-image-carousel\" data-id=\"25eb457\" data-element_type=\"widget\" data-settings=\"{&quot;slides_to_show&quot;:&quot;4&quot;,&quot;navigation&quot;:&quot;both&quot;,&quot;autoplay&quot;:&quot;yes&quot;,&quot;pause_on_hover&quot;:&quot;yes&quot;,&quot;pause_on_interaction&quot;:&quot;yes&quot;,&quot;autoplay_speed&quot;:5000,&quot;infinite&quot;:&quot;yes&quot;,&quot;speed&quot;:500,&quot;image_spacing_custom&quot;:{&quot;unit&quot;:&quot;px&quot;,&quot;size&quot;:20,&quot;sizes&quot;:[]},&quot;image_spacing_custom_tablet&quot;:{&quot;unit&quot;:&quot;px&quot;,&quot;size&quot;:&quot;&quot;,&quot;sizes&quot;:[]},&quot;image_spacing_custom_mobile&quot;:{&quot;unit&quot;:&quot;px&quot;,&quot;size&quot;:&quot;&quot;,&quot;sizes&quot;:[]}}\" data-widget_type=\"image-carousel.default\">\n\t\t\t\t<div class=\"elementor-widget-container\">\n\t\t\t<style>\/*! elementor - v3.17.0 - 08-11-2023 *\/\n.elementor-widget-image-carousel .swiper,.elementor-widget-image-carousel .swiper-container{position:static}.elementor-widget-image-carousel .swiper-container .swiper-slide figure,.elementor-widget-image-carousel .swiper .swiper-slide figure{line-height:inherit}.elementor-widget-image-carousel .swiper-slide{text-align:center}.elementor-image-carousel-wrapper:not(.swiper-container-initialized):not(.swiper-initialized) .swiper-slide{max-width:calc(100% \/ var(--e-image-carousel-slides-to-show, 3))}<\/style>\t\t<div class=\"elementor-image-carousel-wrapper swiper\" dir=\"ltr\">\n\t\t\t<div class=\"elementor-image-carousel swiper-wrapper\" aria-live=\"off\">\n\t\t\t\t\t\t\t\t<div class=\"swiper-slide\" role=\"group\" aria-roledescription=\"slide\" aria-label=\"1 of 5\"><a data-elementor-open-lightbox=\"yes\" data-elementor-lightbox-slideshow=\"25eb457\" data-elementor-lightbox-title=\"ROMPIMENTO BARRAGEM EM JATI (CE) - 2020\" data-e-action-hash=\"#elementor-action%3Aaction%3Dlightbox%26settings%3DeyJpZCI6NDc0NywidXJsIjoiaHR0cHM6XC9cL2x1Y2FzNjQ4LmNvbS5iclwvd3AtY29udGVudFwvdXBsb2Fkc1wvMjAyM1wvMDVcL0pBVElfQ0VBUkFfMjAyMF81LndlYnAiLCJzbGlkZXNob3ciOiIyNWViNDU3In0%3D\" href=\"https:\/\/lucas648.com.br\/wp-content\/uploads\/2023\/05\/JATI_CEARA_2020_5.webp\"><figure class=\"swiper-slide-inner\"><img decoding=\"async\" class=\"swiper-slide-image\" src=\"https:\/\/lucas648.com.br\/wp-content\/uploads\/2023\/05\/JATI_CEARA_2020_5.webp\" alt=\"ROMPIMENTO BARRAGEM EM JATI (CE) - 2020\" \/><\/figure><\/a><\/div><div class=\"swiper-slide\" role=\"group\" aria-roledescription=\"slide\" aria-label=\"2 of 5\"><a data-elementor-open-lightbox=\"yes\" data-elementor-lightbox-slideshow=\"25eb457\" data-elementor-lightbox-title=\"ROMPIMENTO BARRAGEM EM JATI (CE) - 2020\" data-e-action-hash=\"#elementor-action%3Aaction%3Dlightbox%26settings%3DeyJpZCI6NDc0NiwidXJsIjoiaHR0cHM6XC9cL2x1Y2FzNjQ4LmNvbS5iclwvd3AtY29udGVudFwvdXBsb2Fkc1wvMjAyM1wvMDVcL0pBVElfQ0VBUkFfMjAyMF80LndlYnAiLCJzbGlkZXNob3ciOiIyNWViNDU3In0%3D\" href=\"https:\/\/lucas648.com.br\/wp-content\/uploads\/2023\/05\/JATI_CEARA_2020_4.webp\"><figure class=\"swiper-slide-inner\"><img decoding=\"async\" class=\"swiper-slide-image\" src=\"https:\/\/lucas648.com.br\/wp-content\/uploads\/2023\/05\/JATI_CEARA_2020_4.webp\" alt=\"ROMPIMENTO BARRAGEM EM JATI (CE) - 2020\" \/><\/figure><\/a><\/div><div class=\"swiper-slide\" role=\"group\" aria-roledescription=\"slide\" aria-label=\"3 of 5\"><a data-elementor-open-lightbox=\"yes\" data-elementor-lightbox-slideshow=\"25eb457\" data-elementor-lightbox-title=\"ROMPIMENTO BARRAGEM EM JATI (CE) - 2020\" data-e-action-hash=\"#elementor-action%3Aaction%3Dlightbox%26settings%3DeyJpZCI6NDc0NSwidXJsIjoiaHR0cHM6XC9cL2x1Y2FzNjQ4LmNvbS5iclwvd3AtY29udGVudFwvdXBsb2Fkc1wvMjAyM1wvMDVcL0pBVElfQ0VBUkFfMjAyMF8zLndlYnAiLCJzbGlkZXNob3ciOiIyNWViNDU3In0%3D\" href=\"https:\/\/lucas648.com.br\/wp-content\/uploads\/2023\/05\/JATI_CEARA_2020_3.webp\"><figure class=\"swiper-slide-inner\"><img decoding=\"async\" class=\"swiper-slide-image\" src=\"https:\/\/lucas648.com.br\/wp-content\/uploads\/2023\/05\/JATI_CEARA_2020_3.webp\" alt=\"ROMPIMENTO BARRAGEM EM JATI (CE) - 2020\" \/><\/figure><\/a><\/div><div class=\"swiper-slide\" role=\"group\" aria-roledescription=\"slide\" aria-label=\"4 of 5\"><a data-elementor-open-lightbox=\"yes\" data-elementor-lightbox-slideshow=\"25eb457\" data-elementor-lightbox-title=\"ROMPIMENTO BARRAGEM EM JATI (CE) - 2020\" data-e-action-hash=\"#elementor-action%3Aaction%3Dlightbox%26settings%3DeyJpZCI6NDc0NCwidXJsIjoiaHR0cHM6XC9cL2x1Y2FzNjQ4LmNvbS5iclwvd3AtY29udGVudFwvdXBsb2Fkc1wvMjAyM1wvMDVcL0pBVElfQ0VBUkFfMjAyMF8yLndlYnAiLCJzbGlkZXNob3ciOiIyNWViNDU3In0%3D\" href=\"https:\/\/lucas648.com.br\/wp-content\/uploads\/2023\/05\/JATI_CEARA_2020_2.webp\"><figure class=\"swiper-slide-inner\"><img decoding=\"async\" class=\"swiper-slide-image\" src=\"https:\/\/lucas648.com.br\/wp-content\/uploads\/2023\/05\/JATI_CEARA_2020_2.webp\" alt=\"Trabalho realizado no munic\u00edpio de Jati no Cear\u00e1\" \/><\/figure><\/a><\/div><div class=\"swiper-slide\" role=\"group\" aria-roledescription=\"slide\" aria-label=\"5 of 5\"><a data-elementor-open-lightbox=\"yes\" data-elementor-lightbox-slideshow=\"25eb457\" data-elementor-lightbox-title=\"ROMPIMENTO BARRAGEM EM JATI (CE) - 2020\" data-e-action-hash=\"#elementor-action%3Aaction%3Dlightbox%26settings%3DeyJpZCI6NDc0MywidXJsIjoiaHR0cHM6XC9cL2x1Y2FzNjQ4LmNvbS5iclwvd3AtY29udGVudFwvdXBsb2Fkc1wvMjAyM1wvMDVcL0pBVElfQ0VBUkFfMjAyMF8xLndlYnAiLCJzbGlkZXNob3ciOiIyNWViNDU3In0%3D\" href=\"https:\/\/lucas648.com.br\/wp-content\/uploads\/2023\/05\/JATI_CEARA_2020_1.webp\"><figure class=\"swiper-slide-inner\"><img decoding=\"async\" class=\"swiper-slide-image\" src=\"https:\/\/lucas648.com.br\/wp-content\/uploads\/2023\/05\/JATI_CEARA_2020_1.webp\" alt=\"ROMPIMENTO BARRAGEM EM JATI (CE) - 2020\" \/><\/figure><\/a><\/div>\t\t\t<\/div>\n\t\t\t\t\t\t\t\t\t\t\t\t<div class=\"elementor-swiper-button elementor-swiper-button-prev\" role=\"button\" tabindex=\"0\">\n\t\t\t\t\t\t<i aria-hidden=\"true\" class=\"eicon-chevron-left\"><\/i>\t\t\t\t\t<\/div>\n\t\t\t\t\t<div class=\"elementor-swiper-button elementor-swiper-button-next\" role=\"button\" tabindex=\"0\">\n\t\t\t\t\t\t<i aria-hidden=\"true\" class=\"eicon-chevron-right\"><\/i>\t\t\t\t\t<\/div>\n\t\t\t\t\n\t\t\t\t\t\t\t\t\t<div class=\"swiper-pagination\"><\/div>\n\t\t\t\t\t\t\t\t\t<\/div>\n\t\t\t\t<\/div>\n\t\t\t\t<\/div>\n\t\t\t\t\t<\/div>\n\t\t<\/div>\n\t\t\t\t\t\t\t<\/div>\n\t\t<\/section>\n\t\t\t\t<section class=\"elementor-section elementor-top-section elementor-element elementor-element-378e394b elementor-section-content-middle elementor-section-boxed elementor-section-height-default elementor-section-height-default\" data-id=\"378e394b\" data-element_type=\"section\" data-settings=\"{&quot;background_background&quot;:&quot;classic&quot;}\">\n\t\t\t\t\t\t<div class=\"elementor-container elementor-column-gap-default\">\n\t\t\t\t\t<div class=\"elementor-column elementor-col-100 elementor-top-column elementor-element elementor-element-4db4e2d5\" data-id=\"4db4e2d5\" data-element_type=\"column\">\n\t\t\t<div class=\"elementor-widget-wrap elementor-element-populated\">\n\t\t\t\t\t\t\t\t<div class=\"elementor-element elementor-element-63f0c715 elementor-widget-mobile__width-initial elementor-widget elementor-widget-heading\" data-id=\"63f0c715\" data-element_type=\"widget\" data-widget_type=\"heading.default\">\n\t\t\t\t<div class=\"elementor-widget-container\">\n\t\t\t<h2 class=\"elementor-heading-title elementor-size-default\">Conte com o nosso apoio nos momentos de crise.<\/h2>\t\t<\/div>\n\t\t\t\t<\/div>\n\t\t\t\t<div class=\"elementor-element elementor-element-79afdc31 elementor-align-center elementor-widget-mobile__width-inherit elementor-mobile-align-center elementor-widget elementor-widget-button\" data-id=\"79afdc31\" data-element_type=\"widget\" data-widget_type=\"button.default\">\n\t\t\t\t<div class=\"elementor-widget-container\">\n\t\t\t\t\t<div class=\"elementor-button-wrapper\">\n\t\t\t<a class=\"elementor-button elementor-button-link elementor-size-sm\" href=\"https:\/\/lucas648.com.br\/index.php\/contato\/\">\n\t\t\t\t\t\t<span class=\"elementor-button-content-wrapper\">\n\t\t\t\t\t\t<span class=\"elementor-button-text\">Clique aqui e pe\u00e7a uma proposta<\/span>\n\t\t<\/span>\n\t\t\t\t\t<\/a>\n\t\t<\/div>\n\t\t\t\t<\/div>\n\t\t\t\t<\/div>\n\t\t\t\t\t<\/div>\n\t\t<\/div>\n\t\t\t\t\t\t\t<\/div>\n\t\t<\/section>\n\t\t\t\t\t\t\t<\/div>\n\t\t","protected":false},"excerpt":{"rendered":"<p>ROMPIMENTO DA BARRAGEM EM JATI CEAR\u00c1 2020 O rompimento de uma tubula\u00e7\u00e3o na barragem de Jati (CE) provocou o soterramento de ve\u00edculos e m\u00e1quinas, al\u00e9m de desalojar cerca de 2000 pessoas. Houve a necessidade de uma gest\u00e3o t\u00e9cnica e imediata do desastre, al\u00e9m de orienta\u00e7\u00e3o para garantir os recursos que iriam assistir \u00e0s fam\u00edlias afetadas. [&hellip;]<\/p>\n","protected":false},"author":1,"featured_media":5845,"parent":0,"menu_order":0,"comment_status":"closed","ping_status":"closed","template":"blank-template.php","meta":{"footnotes":""},"yoast_head":"<!-- This site is optimized with the Yoast SEO plugin v21.5 - https:\/\/yoast.com\/wordpress\/plugins\/seo\/ -->\n<title>ATUA\u00c7\u00d5ES - Lucas648<\/title>\n<meta name=\"robots\" content=\"index, follow, max-snippet:-1, max-image-preview:large, max-video-preview:-1\" \/>\n<link rel=\"canonical\" href=\"https:\/\/lucas648.com.br\/index.php\/jatai-cerara\/\" \/>\n<meta property=\"og:locale\" content=\"pt_BR\" \/>\n<meta property=\"og:type\" content=\"article\" \/>\n<meta property=\"og:title\" content=\"ATUA\u00c7\u00d5ES - Lucas648\" \/>\n<meta property=\"og:description\" content=\"ROMPIMENTO DA BARRAGEM EM JATI CEAR\u00c1 2020 O rompimento de uma tubula\u00e7\u00e3o na barragem de Jati (CE) provocou o soterramento de ve\u00edculos e m\u00e1quinas, al\u00e9m de desalojar cerca de 2000 pessoas. Houve a necessidade de uma gest\u00e3o t\u00e9cnica e imediata do desastre, al\u00e9m de orienta\u00e7\u00e3o para garantir os recursos que iriam assistir \u00e0s fam\u00edlias afetadas. [&hellip;]\" \/>\n<meta property=\"og:url\" content=\"https:\/\/lucas648.com.br\/index.php\/jatai-cerara\/\" \/>\n<meta property=\"og:site_name\" content=\"Lucas648\" \/>\n<meta property=\"article:modified_time\" content=\"2023-08-21T11:23:29+00:00\" \/>\n<meta property=\"og:image\" content=\"https:\/\/lucas648.com.br\/wp-content\/uploads\/2023\/08\/Foto02-Servicos-GestaoDesastres.webp\" \/>\n\t<meta property=\"og:image:width\" content=\"800\" \/>\n\t<meta property=\"og:image:height\" content=\"800\" \/>\n\t<meta property=\"og:image:type\" content=\"image\/webp\" \/>\n<meta name=\"twitter:card\" content=\"summary_large_image\" \/>\n<script type=\"application\/ld+json\" class=\"yoast-schema-graph\">{\"@context\":\"https:\/\/schema.org\",\"@graph\":[{\"@type\":\"WebPage\",\"@id\":\"https:\/\/lucas648.com.br\/index.php\/jatai-cerara\/\",\"url\":\"https:\/\/lucas648.com.br\/index.php\/jatai-cerara\/\",\"name\":\"ATUA\u00c7\u00d5ES - Lucas648\",\"isPartOf\":{\"@id\":\"https:\/\/lucas648.com.br\/#website\"},\"datePublished\":\"2023-05-26T12:50:57+00:00\",\"dateModified\":\"2023-08-21T11:23:29+00:00\",\"breadcrumb\":{\"@id\":\"https:\/\/lucas648.com.br\/index.php\/jatai-cerara\/#breadcrumb\"},\"inLanguage\":\"pt-BR\",\"potentialAction\":[{\"@type\":\"ReadAction\",\"target\":[\"https:\/\/lucas648.com.br\/index.php\/jatai-cerara\/\"]}]},{\"@type\":\"BreadcrumbList\",\"@id\":\"https:\/\/lucas648.com.br\/index.php\/jatai-cerara\/#breadcrumb\",\"itemListElement\":[{\"@type\":\"ListItem\",\"position\":1,\"name\":\"In\u00edcio\",\"item\":\"https:\/\/lucas648.com.br\/\"},{\"@type\":\"ListItem\",\"position\":2,\"name\":\"ATUA\u00c7\u00d5ES\"}]},{\"@type\":\"WebSite\",\"@id\":\"https:\/\/lucas648.com.br\/#website\",\"url\":\"https:\/\/lucas648.com.br\/\",\"name\":\"Lucas648\",\"description\":\"Consultoria em gest\u00e3o de desastre e capta\u00e7\u00e3o de recursos.\",\"publisher\":{\"@id\":\"https:\/\/lucas648.com.br\/#organization\"},\"potentialAction\":[{\"@type\":\"SearchAction\",\"target\":{\"@type\":\"EntryPoint\",\"urlTemplate\":\"https:\/\/lucas648.com.br\/?s={search_term_string}\"},\"query-input\":\"required name=search_term_string\"}],\"inLanguage\":\"pt-BR\"},{\"@type\":\"Organization\",\"@id\":\"https:\/\/lucas648.com.br\/#organization\",\"name\":\"Lucas648\",\"url\":\"https:\/\/lucas648.com.br\/\",\"logo\":{\"@type\":\"ImageObject\",\"inLanguage\":\"pt-BR\",\"@id\":\"https:\/\/lucas648.com.br\/#\/schema\/logo\/image\/\",\"url\":\"https:\/\/lucas648.com.br\/wp-content\/uploads\/2023\/09\/pagina4.png\",\"contentUrl\":\"https:\/\/lucas648.com.br\/wp-content\/uploads\/2023\/09\/pagina4.png\",\"width\":600,\"height\":600,\"caption\":\"Lucas648\"},\"image\":{\"@id\":\"https:\/\/lucas648.com.br\/#\/schema\/logo\/image\/\"}}]}<\/script>\n<!-- \/ Yoast SEO plugin. -->","yoast_head_json":{"title":"ATUA\u00c7\u00d5ES - Lucas648","robots":{"index":"index","follow":"follow","max-snippet":"max-snippet:-1","max-image-preview":"max-image-preview:large","max-video-preview":"max-video-preview:-1"},"canonical":"https:\/\/lucas648.com.br\/index.php\/jatai-cerara\/","og_locale":"pt_BR","og_type":"article","og_title":"ATUA\u00c7\u00d5ES - Lucas648","og_description":"ROMPIMENTO DA BARRAGEM EM JATI CEAR\u00c1 2020 O rompimento de uma tubula\u00e7\u00e3o na barragem de Jati (CE) provocou o soterramento de ve\u00edculos e m\u00e1quinas, al\u00e9m de desalojar cerca de 2000 pessoas. Houve a necessidade de uma gest\u00e3o t\u00e9cnica e imediata do desastre, al\u00e9m de orienta\u00e7\u00e3o para garantir os recursos que iriam assistir \u00e0s fam\u00edlias afetadas. [&hellip;]","og_url":"https:\/\/lucas648.com.br\/index.php\/jatai-cerara\/","og_site_name":"Lucas648","article_modified_time":"2023-08-21T11:23:29+00:00","og_image":[{"width":800,"height":800,"url":"https:\/\/lucas648.com.br\/wp-content\/uploads\/2023\/08\/Foto02-Servicos-GestaoDesastres.webp","type":"image\/webp"}],"twitter_card":"summary_large_image","schema":{"@context":"https:\/\/schema.org","@graph":[{"@type":"WebPage","@id":"https:\/\/lucas648.com.br\/index.php\/jatai-cerara\/","url":"https:\/\/lucas648.com.br\/index.php\/jatai-cerara\/","name":"ATUA\u00c7\u00d5ES - Lucas648","isPartOf":{"@id":"https:\/\/lucas648.com.br\/#website"},"datePublished":"2023-05-26T12:50:57+00:00","dateModified":"2023-08-21T11:23:29+00:00","breadcrumb":{"@id":"https:\/\/lucas648.com.br\/index.php\/jatai-cerara\/#breadcrumb"},"inLanguage":"pt-BR","potentialAction":[{"@type":"ReadAction","target":["https:\/\/lucas648.com.br\/index.php\/jatai-cerara\/"]}]},{"@type":"BreadcrumbList","@id":"https:\/\/lucas648.com.br\/index.php\/jatai-cerara\/#breadcrumb","itemListElement":[{"@type":"ListItem","position":1,"name":"In\u00edcio","item":"https:\/\/lucas648.com.br\/"},{"@type":"ListItem","position":2,"name":"ATUA\u00c7\u00d5ES"}]},{"@type":"WebSite","@id":"https:\/\/lucas648.com.br\/#website","url":"https:\/\/lucas648.com.br\/","name":"Lucas648","description":"Consultoria em gest\u00e3o de desastre e capta\u00e7\u00e3o de recursos.","publisher":{"@id":"https:\/\/lucas648.com.br\/#organization"},"potentialAction":[{"@type":"SearchAction","target":{"@type":"EntryPoint","urlTemplate":"https:\/\/lucas648.com.br\/?s={search_term_string}"},"query-input":"required name=search_term_string"}],"inLanguage":"pt-BR"},{"@type":"Organization","@id":"https:\/\/lucas648.com.br\/#organization","name":"Lucas648","url":"https:\/\/lucas648.com.br\/","logo":{"@type":"ImageObject","inLanguage":"pt-BR","@id":"https:\/\/lucas648.com.br\/#\/schema\/logo\/image\/","url":"https:\/\/lucas648.com.br\/wp-content\/uploads\/2023\/09\/pagina4.png","contentUrl":"https:\/\/lucas648.com.br\/wp-content\/uploads\/2023\/09\/pagina4.png","width":600,"height":600,"caption":"Lucas648"},"image":{"@id":"https:\/\/lucas648.com.br\/#\/schema\/logo\/image\/"}}]}},"_links":{"self":[{"href":"https:\/\/lucas648.com.br\/index.php\/wp-json\/wp\/v2\/pages\/4843"}],"collection":[{"href":"https:\/\/lucas648.com.br\/index.php\/wp-json\/wp\/v2\/pages"}],"about":[{"href":"https:\/\/lucas648.com.br\/index.php\/wp-json\/wp\/v2\/types\/page"}],"author":[{"embeddable":true,"href":"https:\/\/lucas648.com.br\/index.php\/wp-json\/wp\/v2\/users\/1"}],"replies":[{"embeddable":true,"href":"https:\/\/lucas648.com.br\/index.php\/wp-json\/wp\/v2\/comments?post=4843"}],"version-history":[{"count":82,"href":"https:\/\/lucas648.com.br\/index.php\/wp-json\/wp\/v2\/pages\/4843\/revisions"}],"predecessor-version":[{"id":6565,"href":"https:\/\/lucas648.com.br\/index.php\/wp-json\/wp\/v2\/pages\/4843\/revisions\/6565"}],"wp:featuredmedia":[{"embeddable":true,"href":"https:\/\/lucas648.com.br\/index.php\/wp-json\/wp\/v2\/media\/5845"}],"wp:attachment":[{"href":"https:\/\/lucas648.com.br\/index.php\/wp-json\/wp\/v2\/media?parent=4843"}],"curies":[{"name":"wp","href":"https:\/\/api.w.org\/{rel}","templated":true}]}}