{"id":5107,"date":"2023-07-19T09:50:06","date_gmt":"2023-07-19T12:50:06","guid":{"rendered":"https:\/\/lucas648.com.br\/?page_id=5107"},"modified":"2023-08-21T14:28:27","modified_gmt":"2023-08-21T17:28:27","slug":"inundacoes-itajai","status":"publish","type":"page","link":"https:\/\/lucas648.com.br\/index.php\/inundacoes-itajai\/","title":{"rendered":"ATUA\u00c7\u00d5ES"},"content":{"rendered":"\t\t<div data-elementor-type=\"wp-page\" data-elementor-id=\"5107\" class=\"elementor elementor-5107\" data-elementor-post-type=\"page\">\n\t\t\t\t\t\t\t\t\t<section class=\"elementor-section elementor-top-section elementor-element elementor-element-7070136b elementor-section-content-middle elementor-section-boxed elementor-section-height-default elementor-section-height-default\" data-id=\"7070136b\" data-element_type=\"section\" data-settings=\"{&quot;background_background&quot;:&quot;classic&quot;}\">\n\t\t\t\t\t\t<div class=\"elementor-container elementor-column-gap-no\">\n\t\t\t\t\t<div class=\"elementor-column elementor-col-50 elementor-top-column elementor-element elementor-element-8608b7\" data-id=\"8608b7\" data-element_type=\"column\">\n\t\t\t<div class=\"elementor-widget-wrap elementor-element-populated\">\n\t\t\t\t\t\t\t\t<div class=\"elementor-element elementor-element-7293959b elementor-vertical-align-top elementor-widget elementor-widget-icon-box\" data-id=\"7293959b\" data-element_type=\"widget\" data-widget_type=\"icon-box.default\">\n\t\t\t\t<div class=\"elementor-widget-container\">\n\t\t\t<link rel=\"stylesheet\" href=\"https:\/\/lucas648.com.br\/wp-content\/plugins\/elementor\/assets\/css\/widget-icon-box.min.css\">\t\t<div class=\"elementor-icon-box-wrapper\">\n\t\t\t\t\t\t<div class=\"elementor-icon-box-content\">\n\t\t\t\t<h3 class=\"elementor-icon-box-title\">\n\t\t\t\t\t<span  >\n\t\t\t\t\t\tINUNDA\u00c7\u00d5ES EM ITAJA\u00cd\t\t\t\t\t<\/span>\n\t\t\t\t<\/h3>\n\t\t\t\t\t\t\t<\/div>\n\t\t<\/div>\n\t\t\t\t<\/div>\n\t\t\t\t<\/div>\n\t\t\t\t<div class=\"elementor-element elementor-element-19ab2660 elementor-widget elementor-widget-heading\" data-id=\"19ab2660\" data-element_type=\"widget\" data-widget_type=\"heading.default\">\n\t\t\t\t<div class=\"elementor-widget-container\">\n\t\t\t<style>\/*! elementor - v3.17.0 - 08-11-2023 *\/\n.elementor-heading-title{padding:0;margin:0;line-height:1}.elementor-widget-heading .elementor-heading-title[class*=elementor-size-]>a{color:inherit;font-size:inherit;line-height:inherit}.elementor-widget-heading .elementor-heading-title.elementor-size-small{font-size:15px}.elementor-widget-heading .elementor-heading-title.elementor-size-medium{font-size:19px}.elementor-widget-heading .elementor-heading-title.elementor-size-large{font-size:29px}.elementor-widget-heading .elementor-heading-title.elementor-size-xl{font-size:39px}.elementor-widget-heading .elementor-heading-title.elementor-size-xxl{font-size:59px}<\/style><h2 class=\"elementor-heading-title elementor-size-default\">SANTA CATARINA 2008<\/h2>\t\t<\/div>\n\t\t\t\t<\/div>\n\t\t\t\t<div class=\"elementor-element elementor-element-4281990c elementor-widget__width-initial elementor-widget elementor-widget-ecofinecore_about_us\" data-id=\"4281990c\" data-element_type=\"widget\" data-widget_type=\"ecofinecore_about_us.default\">\n\t\t\t\t<div class=\"elementor-widget-container\">\n\t\t\t           <script>\n            (function ($) {\n                \"use strict\";\n                $(document).ready(function () {\n                    $(\".skillbar\").each(function() {\n                        $(this).appear(function() {\n                            $(this).find(\".count-bar\").animate({\n                                width:$(this).attr(\"data-percent\")\n                            },3000);\n                        });\n                    });\n\n                    $(\".skill-percent-count\").counterUp({\n                        delay: 10,\n                        time: 3000\n                    });\n                });\n            })(jQuery);\n        <\/script>\n        <div class=\"about-section-wraper about-two\">\n            <div class=\"container\">\n                <div class=\"about_content\">\n                    <div class=\"about-item\">\n                                                                         \n                            <div class=\"about-des\"> <p><span style=\"color: #333333\">O estado catarinense sofreu com um dos piores desastres da sua hist\u00f3ria. As fortes chuvas provocaram centenas de deslizamentos de encostas no Vale do Itaja\u00ed, provocando mortes em v\u00e1rias cidades.<\/span><\/p><p><span style=\"color: #333333\">Os nossos consultores fizeram parte da opera\u00e7\u00e3o de resposta \u00e0 trag\u00e9dia, com o uso de aeronaves, barcos, viaturas e ambul\u00e2ncias.<\/span><\/p><p><span style=\"color: #333333\">Em Navegantes (SC), os nossos consultores foram os respons\u00e1veis pela gest\u00e3o da opera\u00e7\u00e3o extremamente complexa.<\/span><\/p> <\/div>\n                                            <\/div>\n                                        <div class=\"about-two-items\">\n                        <div class=\" about-v2-item\">\n                            <div class=\"about-author-image\">\n                                   \n                            <\/div>\n                            <div class=\"about-author-information\">\n                                <span class=\"about-name-designation\"> <\/span>             \n                                <h3 class=\"about-name\"><\/h3>          \n                            <\/div>\n                        <\/div>\n                                            <\/div>\n                <\/div>\n            <\/div>\n        <\/div>\n        \t\t<\/div>\n\t\t\t\t<\/div>\n\t\t\t\t\t<\/div>\n\t\t<\/div>\n\t\t\t\t<div class=\"elementor-column elementor-col-50 elementor-top-column elementor-element elementor-element-6a706d2c\" data-id=\"6a706d2c\" data-element_type=\"column\">\n\t\t\t<div class=\"elementor-widget-wrap elementor-element-populated\">\n\t\t\t\t\t\t\t\t<div class=\"elementor-element elementor-element-73289846 elementor-widget__width-initial elementor-widget elementor-widget-eco_about_image\" data-id=\"73289846\" data-element_type=\"widget\" data-widget_type=\"eco_about_image.default\">\n\t\t\t\t<div class=\"elementor-widget-container\">\n\t\t\t      <div class=\"about-image-wraper\">\n            <div class=\"about-image_item\">\n                    <img loading=\"lazy\" decoding=\"async\" width=\"700\" height=\"700\" src=\"https:\/\/lucas648.com.br\/wp-content\/uploads\/2023\/07\/InundacaoValeItajai_2008_3.webp\" class=\"attachment-full size-full\" alt=\"\" srcset=\"https:\/\/lucas648.com.br\/wp-content\/uploads\/2023\/07\/InundacaoValeItajai_2008_3.webp 700w, https:\/\/lucas648.com.br\/wp-content\/uploads\/2023\/07\/InundacaoValeItajai_2008_3-300x300.webp 300w, https:\/\/lucas648.com.br\/wp-content\/uploads\/2023\/07\/InundacaoValeItajai_2008_3-150x150.webp 150w\" sizes=\"(max-width: 700px) 100vw, 700px\" \/>                                            <div class=\"about-s-image\">\n                                                    <\/div>\n                                <\/div>\n        <\/div>\n        \t\t<\/div>\n\t\t\t\t<\/div>\n\t\t\t\t\t<\/div>\n\t\t<\/div>\n\t\t\t\t\t\t\t<\/div>\n\t\t<\/section>\n\t\t\t\t<section class=\"elementor-section elementor-top-section elementor-element elementor-element-5248ac6d elementor-section-boxed elementor-section-height-default elementor-section-height-default\" data-id=\"5248ac6d\" data-element_type=\"section\" data-settings=\"{&quot;background_background&quot;:&quot;classic&quot;}\">\n\t\t\t\t\t\t<div class=\"elementor-container elementor-column-gap-no\">\n\t\t\t\t\t<div class=\"elementor-column elementor-col-100 elementor-top-column elementor-element elementor-element-7326e54c\" data-id=\"7326e54c\" data-element_type=\"column\">\n\t\t\t<div class=\"elementor-widget-wrap elementor-element-populated\">\n\t\t\t\t\t\t\t\t<div class=\"elementor-element elementor-element-60383d9e elementor-vertical-align-top elementor-widget elementor-widget-icon-box\" data-id=\"60383d9e\" data-element_type=\"widget\" data-widget_type=\"icon-box.default\">\n\t\t\t\t<div class=\"elementor-widget-container\">\n\t\t\t\t\t<div class=\"elementor-icon-box-wrapper\">\n\t\t\t\t\t\t<div class=\"elementor-icon-box-content\">\n\t\t\t\t<h3 class=\"elementor-icon-box-title\">\n\t\t\t\t\t<span  >\n\t\t\t\t\t\tGALERIA DE FOTOS\t\t\t\t\t<\/span>\n\t\t\t\t<\/h3>\n\t\t\t\t\t\t\t<\/div>\n\t\t<\/div>\n\t\t\t\t<\/div>\n\t\t\t\t<\/div>\n\t\t\t\t<div class=\"elementor-element elementor-element-2fcc8f80 elementor-arrows-position-outside elementor-pagination-position-outside elementor-widget elementor-widget-image-carousel\" data-id=\"2fcc8f80\" data-element_type=\"widget\" data-settings=\"{&quot;slides_to_show&quot;:&quot;4&quot;,&quot;image_spacing_custom&quot;:{&quot;unit&quot;:&quot;px&quot;,&quot;size&quot;:25,&quot;sizes&quot;:[]},&quot;navigation&quot;:&quot;both&quot;,&quot;autoplay&quot;:&quot;yes&quot;,&quot;pause_on_hover&quot;:&quot;yes&quot;,&quot;pause_on_interaction&quot;:&quot;yes&quot;,&quot;autoplay_speed&quot;:5000,&quot;infinite&quot;:&quot;yes&quot;,&quot;speed&quot;:500,&quot;image_spacing_custom_tablet&quot;:{&quot;unit&quot;:&quot;px&quot;,&quot;size&quot;:&quot;&quot;,&quot;sizes&quot;:[]},&quot;image_spacing_custom_mobile&quot;:{&quot;unit&quot;:&quot;px&quot;,&quot;size&quot;:&quot;&quot;,&quot;sizes&quot;:[]}}\" data-widget_type=\"image-carousel.default\">\n\t\t\t\t<div class=\"elementor-widget-container\">\n\t\t\t<style>\/*! elementor - v3.17.0 - 08-11-2023 *\/\n.elementor-widget-image-carousel .swiper,.elementor-widget-image-carousel .swiper-container{position:static}.elementor-widget-image-carousel .swiper-container .swiper-slide figure,.elementor-widget-image-carousel .swiper .swiper-slide figure{line-height:inherit}.elementor-widget-image-carousel .swiper-slide{text-align:center}.elementor-image-carousel-wrapper:not(.swiper-container-initialized):not(.swiper-initialized) .swiper-slide{max-width:calc(100% \/ var(--e-image-carousel-slides-to-show, 3))}<\/style>\t\t<div class=\"elementor-image-carousel-wrapper swiper\" dir=\"ltr\">\n\t\t\t<div class=\"elementor-image-carousel swiper-wrapper\" aria-live=\"off\">\n\t\t\t\t\t\t\t\t<div class=\"swiper-slide\" role=\"group\" aria-roledescription=\"slide\" aria-label=\"1 of 3\"><a data-elementor-open-lightbox=\"yes\" data-elementor-lightbox-slideshow=\"2fcc8f80\" data-elementor-lightbox-title=\"Inunda\u00e7\u00e3oValeItajai_2008_1\" data-e-action-hash=\"#elementor-action%3Aaction%3Dlightbox%26settings%3DeyJpZCI6NTEzMiwidXJsIjoiaHR0cHM6XC9cL2x1Y2FzNjQ4LmNvbS5iclwvd3AtY29udGVudFwvdXBsb2Fkc1wvMjAyM1wvMDdcL0ludW5kYWNhb1ZhbGVJdGFqYWlfMjAwOF8xLndlYnAiLCJzbGlkZXNob3ciOiIyZmNjOGY4MCJ9\" href=\"https:\/\/lucas648.com.br\/wp-content\/uploads\/2023\/07\/InundacaoValeItajai_2008_1.webp\"><figure class=\"swiper-slide-inner\"><img decoding=\"async\" class=\"swiper-slide-image\" src=\"https:\/\/lucas648.com.br\/wp-content\/uploads\/2023\/07\/InundacaoValeItajai_2008_1.webp\" alt=\"Inunda\u00e7\u00e3oValeItajai_2008_1\" \/><\/figure><\/a><\/div><div class=\"swiper-slide\" role=\"group\" aria-roledescription=\"slide\" aria-label=\"2 of 3\"><a data-elementor-open-lightbox=\"yes\" data-elementor-lightbox-slideshow=\"2fcc8f80\" data-elementor-lightbox-title=\"INUNDA\u00c7\u00d5ES ITAJA\u00cd (SC) 2008\" data-e-action-hash=\"#elementor-action%3Aaction%3Dlightbox%26settings%3DeyJpZCI6NTEzMywidXJsIjoiaHR0cHM6XC9cL2x1Y2FzNjQ4LmNvbS5iclwvd3AtY29udGVudFwvdXBsb2Fkc1wvMjAyM1wvMDdcL0ludW5kYWNhb1ZhbGVJdGFqYWlfMjAwOF8yLndlYnAiLCJzbGlkZXNob3ciOiIyZmNjOGY4MCJ9\" href=\"https:\/\/lucas648.com.br\/wp-content\/uploads\/2023\/07\/InundacaoValeItajai_2008_2.webp\"><figure class=\"swiper-slide-inner\"><img decoding=\"async\" class=\"swiper-slide-image\" src=\"https:\/\/lucas648.com.br\/wp-content\/uploads\/2023\/07\/InundacaoValeItajai_2008_2.webp\" alt=\"INUNDA\u00c7\u00d5ES ITAJA\u00cd (SC) 2008\" \/><\/figure><\/a><\/div><div class=\"swiper-slide\" role=\"group\" aria-roledescription=\"slide\" aria-label=\"3 of 3\"><a data-elementor-open-lightbox=\"yes\" data-elementor-lightbox-slideshow=\"2fcc8f80\" data-elementor-lightbox-title=\"Inunda\u00e7\u00e3oValeItajai_2008_3\" data-e-action-hash=\"#elementor-action%3Aaction%3Dlightbox%26settings%3DeyJpZCI6NTEzNCwidXJsIjoiaHR0cHM6XC9cL2x1Y2FzNjQ4LmNvbS5iclwvd3AtY29udGVudFwvdXBsb2Fkc1wvMjAyM1wvMDdcL0ludW5kYWNhb1ZhbGVJdGFqYWlfMjAwOF8zLndlYnAiLCJzbGlkZXNob3ciOiIyZmNjOGY4MCJ9\" href=\"https:\/\/lucas648.com.br\/wp-content\/uploads\/2023\/07\/InundacaoValeItajai_2008_3.webp\"><figure class=\"swiper-slide-inner\"><img decoding=\"async\" class=\"swiper-slide-image\" src=\"https:\/\/lucas648.com.br\/wp-content\/uploads\/2023\/07\/InundacaoValeItajai_2008_3.webp\" alt=\"Inunda\u00e7\u00e3oValeItajai_2008_3\" \/><\/figure><\/a><\/div>\t\t\t<\/div>\n\t\t\t\t\t\t\t\t\t\t\t\t<div class=\"elementor-swiper-button elementor-swiper-button-prev\" role=\"button\" tabindex=\"0\">\n\t\t\t\t\t\t<i aria-hidden=\"true\" class=\"eicon-chevron-left\"><\/i>\t\t\t\t\t<\/div>\n\t\t\t\t\t<div class=\"elementor-swiper-button elementor-swiper-button-next\" role=\"button\" tabindex=\"0\">\n\t\t\t\t\t\t<i aria-hidden=\"true\" class=\"eicon-chevron-right\"><\/i>\t\t\t\t\t<\/div>\n\t\t\t\t\n\t\t\t\t\t\t\t\t\t<div class=\"swiper-pagination\"><\/div>\n\t\t\t\t\t\t\t\t\t<\/div>\n\t\t\t\t<\/div>\n\t\t\t\t<\/div>\n\t\t\t\t\t<\/div>\n\t\t<\/div>\n\t\t\t\t\t\t\t<\/div>\n\t\t<\/section>\n\t\t\t\t<section class=\"elementor-section elementor-top-section elementor-element elementor-element-76f31975 elementor-section-content-middle elementor-section-boxed elementor-section-height-default elementor-section-height-default\" data-id=\"76f31975\" data-element_type=\"section\" data-settings=\"{&quot;background_background&quot;:&quot;classic&quot;}\">\n\t\t\t\t\t\t<div class=\"elementor-container elementor-column-gap-default\">\n\t\t\t\t\t<div class=\"elementor-column elementor-col-100 elementor-top-column elementor-element elementor-element-317f6e43\" data-id=\"317f6e43\" data-element_type=\"column\">\n\t\t\t<div class=\"elementor-widget-wrap elementor-element-populated\">\n\t\t\t\t\t\t\t\t<div class=\"elementor-element elementor-element-8b5af91 elementor-widget-mobile__width-initial elementor-widget elementor-widget-heading\" data-id=\"8b5af91\" data-element_type=\"widget\" data-widget_type=\"heading.default\">\n\t\t\t\t<div class=\"elementor-widget-container\">\n\t\t\t<h2 class=\"elementor-heading-title elementor-size-default\">Conte com o nosso apoio nos momentos de crise.<\/h2>\t\t<\/div>\n\t\t\t\t<\/div>\n\t\t\t\t<div class=\"elementor-element elementor-element-384b7882 elementor-align-center elementor-widget-mobile__width-inherit elementor-mobile-align-center elementor-widget elementor-widget-button\" data-id=\"384b7882\" data-element_type=\"widget\" data-widget_type=\"button.default\">\n\t\t\t\t<div class=\"elementor-widget-container\">\n\t\t\t\t\t<div class=\"elementor-button-wrapper\">\n\t\t\t<a class=\"elementor-button elementor-button-link elementor-size-sm\" href=\"https:\/\/lucas648.com.br\/index.php\/contato\/\">\n\t\t\t\t\t\t<span class=\"elementor-button-content-wrapper\">\n\t\t\t\t\t\t<span class=\"elementor-button-text\">Clique aqui e pe\u00e7a uma proposta<\/span>\n\t\t<\/span>\n\t\t\t\t\t<\/a>\n\t\t<\/div>\n\t\t\t\t<\/div>\n\t\t\t\t<\/div>\n\t\t\t\t\t<\/div>\n\t\t<\/div>\n\t\t\t\t\t\t\t<\/div>\n\t\t<\/section>\n\t\t\t\t\t\t\t<\/div>\n\t\t","protected":false},"excerpt":{"rendered":"<p>INUNDA\u00c7\u00d5ES EM ITAJA\u00cd SANTA CATARINA 2008 O estado catarinense sofreu com um dos piores desastres da sua hist\u00f3ria. As fortes chuvas provocaram centenas de deslizamentos de encostas no Vale do Itaja\u00ed, provocando mortes em v\u00e1rias cidades. Os nossos consultores fizeram parte da opera\u00e7\u00e3o de resposta \u00e0 trag\u00e9dia, com o uso de aeronaves, barcos, viaturas e [&hellip;]<\/p>\n","protected":false},"author":1,"featured_media":5134,"parent":0,"menu_order":0,"comment_status":"closed","ping_status":"closed","template":"blank-template.php","meta":{"footnotes":""},"yoast_head":"<!-- This site is optimized with the Yoast SEO plugin v21.5 - https:\/\/yoast.com\/wordpress\/plugins\/seo\/ -->\n<title>ATUA\u00c7\u00d5ES - Lucas648<\/title>\n<meta name=\"robots\" content=\"index, follow, max-snippet:-1, max-image-preview:large, max-video-preview:-1\" \/>\n<link rel=\"canonical\" href=\"https:\/\/lucas648.com.br\/index.php\/inundacoes-itajai\/\" \/>\n<meta property=\"og:locale\" content=\"pt_BR\" \/>\n<meta property=\"og:type\" content=\"article\" \/>\n<meta property=\"og:title\" content=\"ATUA\u00c7\u00d5ES - Lucas648\" \/>\n<meta property=\"og:description\" content=\"INUNDA\u00c7\u00d5ES EM ITAJA\u00cd SANTA CATARINA 2008 O estado catarinense sofreu com um dos piores desastres da sua hist\u00f3ria. As fortes chuvas provocaram centenas de deslizamentos de encostas no Vale do Itaja\u00ed, provocando mortes em v\u00e1rias cidades. Os nossos consultores fizeram parte da opera\u00e7\u00e3o de resposta \u00e0 trag\u00e9dia, com o uso de aeronaves, barcos, viaturas e [&hellip;]\" \/>\n<meta property=\"og:url\" content=\"https:\/\/lucas648.com.br\/index.php\/inundacoes-itajai\/\" \/>\n<meta property=\"og:site_name\" content=\"Lucas648\" \/>\n<meta property=\"article:modified_time\" content=\"2023-08-21T17:28:27+00:00\" \/>\n<meta property=\"og:image\" content=\"https:\/\/lucas648.com.br\/wp-content\/uploads\/2023\/07\/InundacaoValeItajai_2008_3.webp\" \/>\n\t<meta property=\"og:image:width\" content=\"700\" \/>\n\t<meta property=\"og:image:height\" content=\"700\" \/>\n\t<meta property=\"og:image:type\" content=\"image\/webp\" \/>\n<meta name=\"twitter:card\" content=\"summary_large_image\" \/>\n<meta name=\"twitter:label1\" content=\"Est. tempo de leitura\" \/>\n\t<meta name=\"twitter:data1\" content=\"1 minuto\" \/>\n<script type=\"application\/ld+json\" class=\"yoast-schema-graph\">{\"@context\":\"https:\/\/schema.org\",\"@graph\":[{\"@type\":\"WebPage\",\"@id\":\"https:\/\/lucas648.com.br\/index.php\/inundacoes-itajai\/\",\"url\":\"https:\/\/lucas648.com.br\/index.php\/inundacoes-itajai\/\",\"name\":\"ATUA\u00c7\u00d5ES - Lucas648\",\"isPartOf\":{\"@id\":\"https:\/\/lucas648.com.br\/#website\"},\"datePublished\":\"2023-07-19T12:50:06+00:00\",\"dateModified\":\"2023-08-21T17:28:27+00:00\",\"breadcrumb\":{\"@id\":\"https:\/\/lucas648.com.br\/index.php\/inundacoes-itajai\/#breadcrumb\"},\"inLanguage\":\"pt-BR\",\"potentialAction\":[{\"@type\":\"ReadAction\",\"target\":[\"https:\/\/lucas648.com.br\/index.php\/inundacoes-itajai\/\"]}]},{\"@type\":\"BreadcrumbList\",\"@id\":\"https:\/\/lucas648.com.br\/index.php\/inundacoes-itajai\/#breadcrumb\",\"itemListElement\":[{\"@type\":\"ListItem\",\"position\":1,\"name\":\"In\u00edcio\",\"item\":\"https:\/\/lucas648.com.br\/\"},{\"@type\":\"ListItem\",\"position\":2,\"name\":\"ATUA\u00c7\u00d5ES\"}]},{\"@type\":\"WebSite\",\"@id\":\"https:\/\/lucas648.com.br\/#website\",\"url\":\"https:\/\/lucas648.com.br\/\",\"name\":\"Lucas648\",\"description\":\"Consultoria em gest\u00e3o de desastre e capta\u00e7\u00e3o de recursos.\",\"publisher\":{\"@id\":\"https:\/\/lucas648.com.br\/#organization\"},\"potentialAction\":[{\"@type\":\"SearchAction\",\"target\":{\"@type\":\"EntryPoint\",\"urlTemplate\":\"https:\/\/lucas648.com.br\/?s={search_term_string}\"},\"query-input\":\"required name=search_term_string\"}],\"inLanguage\":\"pt-BR\"},{\"@type\":\"Organization\",\"@id\":\"https:\/\/lucas648.com.br\/#organization\",\"name\":\"Lucas648\",\"url\":\"https:\/\/lucas648.com.br\/\",\"logo\":{\"@type\":\"ImageObject\",\"inLanguage\":\"pt-BR\",\"@id\":\"https:\/\/lucas648.com.br\/#\/schema\/logo\/image\/\",\"url\":\"https:\/\/lucas648.com.br\/wp-content\/uploads\/2023\/09\/pagina4.png\",\"contentUrl\":\"https:\/\/lucas648.com.br\/wp-content\/uploads\/2023\/09\/pagina4.png\",\"width\":600,\"height\":600,\"caption\":\"Lucas648\"},\"image\":{\"@id\":\"https:\/\/lucas648.com.br\/#\/schema\/logo\/image\/\"}}]}<\/script>\n<!-- \/ Yoast SEO plugin. -->","yoast_head_json":{"title":"ATUA\u00c7\u00d5ES - Lucas648","robots":{"index":"index","follow":"follow","max-snippet":"max-snippet:-1","max-image-preview":"max-image-preview:large","max-video-preview":"max-video-preview:-1"},"canonical":"https:\/\/lucas648.com.br\/index.php\/inundacoes-itajai\/","og_locale":"pt_BR","og_type":"article","og_title":"ATUA\u00c7\u00d5ES - Lucas648","og_description":"INUNDA\u00c7\u00d5ES EM ITAJA\u00cd SANTA CATARINA 2008 O estado catarinense sofreu com um dos piores desastres da sua hist\u00f3ria. As fortes chuvas provocaram centenas de deslizamentos de encostas no Vale do Itaja\u00ed, provocando mortes em v\u00e1rias cidades. Os nossos consultores fizeram parte da opera\u00e7\u00e3o de resposta \u00e0 trag\u00e9dia, com o uso de aeronaves, barcos, viaturas e [&hellip;]","og_url":"https:\/\/lucas648.com.br\/index.php\/inundacoes-itajai\/","og_site_name":"Lucas648","article_modified_time":"2023-08-21T17:28:27+00:00","og_image":[{"width":700,"height":700,"url":"https:\/\/lucas648.com.br\/wp-content\/uploads\/2023\/07\/InundacaoValeItajai_2008_3.webp","type":"image\/webp"}],"twitter_card":"summary_large_image","twitter_misc":{"Est. tempo de leitura":"1 minuto"},"schema":{"@context":"https:\/\/schema.org","@graph":[{"@type":"WebPage","@id":"https:\/\/lucas648.com.br\/index.php\/inundacoes-itajai\/","url":"https:\/\/lucas648.com.br\/index.php\/inundacoes-itajai\/","name":"ATUA\u00c7\u00d5ES - Lucas648","isPartOf":{"@id":"https:\/\/lucas648.com.br\/#website"},"datePublished":"2023-07-19T12:50:06+00:00","dateModified":"2023-08-21T17:28:27+00:00","breadcrumb":{"@id":"https:\/\/lucas648.com.br\/index.php\/inundacoes-itajai\/#breadcrumb"},"inLanguage":"pt-BR","potentialAction":[{"@type":"ReadAction","target":["https:\/\/lucas648.com.br\/index.php\/inundacoes-itajai\/"]}]},{"@type":"BreadcrumbList","@id":"https:\/\/lucas648.com.br\/index.php\/inundacoes-itajai\/#breadcrumb","itemListElement":[{"@type":"ListItem","position":1,"name":"In\u00edcio","item":"https:\/\/lucas648.com.br\/"},{"@type":"ListItem","position":2,"name":"ATUA\u00c7\u00d5ES"}]},{"@type":"WebSite","@id":"https:\/\/lucas648.com.br\/#website","url":"https:\/\/lucas648.com.br\/","name":"Lucas648","description":"Consultoria em gest\u00e3o de desastre e capta\u00e7\u00e3o de recursos.","publisher":{"@id":"https:\/\/lucas648.com.br\/#organization"},"potentialAction":[{"@type":"SearchAction","target":{"@type":"EntryPoint","urlTemplate":"https:\/\/lucas648.com.br\/?s={search_term_string}"},"query-input":"required name=search_term_string"}],"inLanguage":"pt-BR"},{"@type":"Organization","@id":"https:\/\/lucas648.com.br\/#organization","name":"Lucas648","url":"https:\/\/lucas648.com.br\/","logo":{"@type":"ImageObject","inLanguage":"pt-BR","@id":"https:\/\/lucas648.com.br\/#\/schema\/logo\/image\/","url":"https:\/\/lucas648.com.br\/wp-content\/uploads\/2023\/09\/pagina4.png","contentUrl":"https:\/\/lucas648.com.br\/wp-content\/uploads\/2023\/09\/pagina4.png","width":600,"height":600,"caption":"Lucas648"},"image":{"@id":"https:\/\/lucas648.com.br\/#\/schema\/logo\/image\/"}}]}},"_links":{"self":[{"href":"https:\/\/lucas648.com.br\/index.php\/wp-json\/wp\/v2\/pages\/5107"}],"collection":[{"href":"https:\/\/lucas648.com.br\/index.php\/wp-json\/wp\/v2\/pages"}],"about":[{"href":"https:\/\/lucas648.com.br\/index.php\/wp-json\/wp\/v2\/types\/page"}],"author":[{"embeddable":true,"href":"https:\/\/lucas648.com.br\/index.php\/wp-json\/wp\/v2\/users\/1"}],"replies":[{"embeddable":true,"href":"https:\/\/lucas648.com.br\/index.php\/wp-json\/wp\/v2\/comments?post=5107"}],"version-history":[{"count":19,"href":"https:\/\/lucas648.com.br\/index.php\/wp-json\/wp\/v2\/pages\/5107\/revisions"}],"predecessor-version":[{"id":6611,"href":"https:\/\/lucas648.com.br\/index.php\/wp-json\/wp\/v2\/pages\/5107\/revisions\/6611"}],"wp:featuredmedia":[{"embeddable":true,"href":"https:\/\/lucas648.com.br\/index.php\/wp-json\/wp\/v2\/media\/5134"}],"wp:attachment":[{"href":"https:\/\/lucas648.com.br\/index.php\/wp-json\/wp\/v2\/media?parent=5107"}],"curies":[{"name":"wp","href":"https:\/\/api.w.org\/{rel}","templated":true}]}}