{"id":6423,"date":"2023-08-03T11:49:41","date_gmt":"2023-08-03T14:49:41","guid":{"rendered":"https:\/\/lucas648.com.br\/?page_id=6423"},"modified":"2023-09-05T14:41:51","modified_gmt":"2023-09-05T17:41:51","slug":"clientes","status":"publish","type":"page","link":"https:\/\/lucas648.com.br\/index.php\/clientes\/","title":{"rendered":"CLIENTES"},"content":{"rendered":"\t\t<div data-elementor-type=\"wp-page\" data-elementor-id=\"6423\" class=\"elementor elementor-6423\" data-elementor-post-type=\"page\">\n\t\t\t\t\t\t\t\t\t<section class=\"elementor-section elementor-top-section elementor-element elementor-element-5c27291 elementor-section-boxed elementor-section-height-default elementor-section-height-default\" data-id=\"5c27291\" data-element_type=\"section\" data-settings=\"{&quot;background_background&quot;:&quot;classic&quot;}\">\n\t\t\t\t\t\t<div class=\"elementor-container elementor-column-gap-custom\">\n\t\t\t\t\t<div class=\"elementor-column elementor-col-100 elementor-top-column elementor-element elementor-element-1133bfa\" data-id=\"1133bfa\" data-element_type=\"column\">\n\t\t\t<div class=\"elementor-widget-wrap elementor-element-populated\">\n\t\t\t\t\t\t\t\t<div class=\"elementor-element elementor-element-f57904a elementor-arrows-position-outside elementor-pagination-position-outside elementor-widget elementor-widget-image-carousel\" data-id=\"f57904a\" data-element_type=\"widget\" data-settings=\"{&quot;slides_to_show&quot;:&quot;4&quot;,&quot;image_spacing_custom&quot;:{&quot;unit&quot;:&quot;px&quot;,&quot;size&quot;:68,&quot;sizes&quot;:[]},&quot;navigation&quot;:&quot;both&quot;,&quot;autoplay&quot;:&quot;yes&quot;,&quot;pause_on_hover&quot;:&quot;yes&quot;,&quot;pause_on_interaction&quot;:&quot;yes&quot;,&quot;autoplay_speed&quot;:5000,&quot;infinite&quot;:&quot;yes&quot;,&quot;speed&quot;:500,&quot;image_spacing_custom_tablet&quot;:{&quot;unit&quot;:&quot;px&quot;,&quot;size&quot;:&quot;&quot;,&quot;sizes&quot;:[]},&quot;image_spacing_custom_mobile&quot;:{&quot;unit&quot;:&quot;px&quot;,&quot;size&quot;:&quot;&quot;,&quot;sizes&quot;:[]}}\" data-widget_type=\"image-carousel.default\">\n\t\t\t\t<div class=\"elementor-widget-container\">\n\t\t\t<style>\/*! elementor - v3.17.0 - 08-11-2023 *\/\n.elementor-widget-image-carousel .swiper,.elementor-widget-image-carousel .swiper-container{position:static}.elementor-widget-image-carousel .swiper-container .swiper-slide figure,.elementor-widget-image-carousel .swiper .swiper-slide figure{line-height:inherit}.elementor-widget-image-carousel .swiper-slide{text-align:center}.elementor-image-carousel-wrapper:not(.swiper-container-initialized):not(.swiper-initialized) .swiper-slide{max-width:calc(100% \/ var(--e-image-carousel-slides-to-show, 3))}<\/style>\t\t<div class=\"elementor-image-carousel-wrapper swiper\" dir=\"ltr\">\n\t\t\t<div class=\"elementor-image-carousel swiper-wrapper\" aria-live=\"off\">\n\t\t\t\t\t\t\t\t<div class=\"swiper-slide\" role=\"group\" aria-roledescription=\"slide\" aria-label=\"1 of 5\"><a data-elementor-open-lightbox=\"yes\" data-elementor-lightbox-slideshow=\"f57904a\" data-elementor-lightbox-title=\"InstaRain\" data-e-action-hash=\"#elementor-action%3Aaction%3Dlightbox%26settings%3DeyJpZCI6NjQyNiwidXJsIjoiaHR0cHM6XC9cL2x1Y2FzNjQ4LmNvbS5iclwvd3AtY29udGVudFwvdXBsb2Fkc1wvMjAyM1wvMDhcL0luc3RhUmFpbi53ZWJwIiwic2xpZGVzaG93IjoiZjU3OTA0YSJ9\" href=\"https:\/\/lucas648.com.br\/wp-content\/uploads\/2023\/08\/InstaRain.webp\"><figure class=\"swiper-slide-inner\"><img decoding=\"async\" class=\"swiper-slide-image\" src=\"https:\/\/lucas648.com.br\/wp-content\/uploads\/2023\/08\/InstaRain.webp\" alt=\"InstaRain\" \/><\/figure><\/a><\/div><div class=\"swiper-slide\" role=\"group\" aria-roledescription=\"slide\" aria-label=\"2 of 5\"><a data-elementor-open-lightbox=\"yes\" data-elementor-lightbox-slideshow=\"f57904a\" data-elementor-lightbox-title=\"Prefeitura_Itabirinha\" data-e-action-hash=\"#elementor-action%3Aaction%3Dlightbox%26settings%3DeyJpZCI6NjQyNywidXJsIjoiaHR0cHM6XC9cL2x1Y2FzNjQ4LmNvbS5iclwvd3AtY29udGVudFwvdXBsb2Fkc1wvMjAyM1wvMDhcL1ByZWZlaXR1cmFfSXRhYmlyaW5oYS53ZWJwIiwic2xpZGVzaG93IjoiZjU3OTA0YSJ9\" href=\"https:\/\/lucas648.com.br\/wp-content\/uploads\/2023\/08\/Prefeitura_Itabirinha.webp\"><figure class=\"swiper-slide-inner\"><img decoding=\"async\" class=\"swiper-slide-image\" src=\"https:\/\/lucas648.com.br\/wp-content\/uploads\/2023\/08\/Prefeitura_Itabirinha.webp\" alt=\"Prefeitura_Itabirinha\" \/><\/figure><\/a><\/div><div class=\"swiper-slide\" role=\"group\" aria-roledescription=\"slide\" aria-label=\"3 of 5\"><a data-elementor-open-lightbox=\"yes\" data-elementor-lightbox-slideshow=\"f57904a\" data-elementor-lightbox-title=\"Prefeitura_Serrano\u0301polisDeMinas\" data-e-action-hash=\"#elementor-action%3Aaction%3Dlightbox%26settings%3DeyJpZCI6NjQyOCwidXJsIjoiaHR0cHM6XC9cL2x1Y2FzNjQ4LmNvbS5iclwvd3AtY29udGVudFwvdXBsb2Fkc1wvMjAyM1wvMDhcL1ByZWZlaXR1cmFfU2VycmFub3BvbGlzRGVNaW5hcy53ZWJwIiwic2xpZGVzaG93IjoiZjU3OTA0YSJ9\" href=\"https:\/\/lucas648.com.br\/wp-content\/uploads\/2023\/08\/Prefeitura_SerranopolisDeMinas.webp\"><figure class=\"swiper-slide-inner\"><img decoding=\"async\" class=\"swiper-slide-image\" src=\"https:\/\/lucas648.com.br\/wp-content\/uploads\/2023\/08\/Prefeitura_SerranopolisDeMinas.webp\" alt=\"Prefeitura_Serrano\u0301polisDeMinas\" \/><\/figure><\/a><\/div><div class=\"swiper-slide\" role=\"group\" aria-roledescription=\"slide\" aria-label=\"4 of 5\"><a data-elementor-open-lightbox=\"yes\" data-elementor-lightbox-slideshow=\"f57904a\" data-elementor-lightbox-title=\"Prefeitura_Tarumirim\" data-e-action-hash=\"#elementor-action%3Aaction%3Dlightbox%26settings%3DeyJpZCI6NjQyOSwidXJsIjoiaHR0cHM6XC9cL2x1Y2FzNjQ4LmNvbS5iclwvd3AtY29udGVudFwvdXBsb2Fkc1wvMjAyM1wvMDhcL1ByZWZlaXR1cmFfVGFydW1pcmltLndlYnAiLCJzbGlkZXNob3ciOiJmNTc5MDRhIn0%3D\" href=\"https:\/\/lucas648.com.br\/wp-content\/uploads\/2023\/08\/Prefeitura_Tarumirim.webp\"><figure class=\"swiper-slide-inner\"><img decoding=\"async\" class=\"swiper-slide-image\" src=\"https:\/\/lucas648.com.br\/wp-content\/uploads\/2023\/08\/Prefeitura_Tarumirim.webp\" alt=\"Prefeitura_Tarumirim\" \/><\/figure><\/a><\/div><div class=\"swiper-slide\" role=\"group\" aria-roledescription=\"slide\" aria-label=\"5 of 5\"><a data-elementor-open-lightbox=\"yes\" data-elementor-lightbox-slideshow=\"f57904a\" data-elementor-lightbox-title=\"logo-teofilo-otoni\" data-e-action-hash=\"#elementor-action%3Aaction%3Dlightbox%26settings%3DeyJpZCI6NjgyOCwidXJsIjoiaHR0cHM6XC9cL2x1Y2FzNjQ4LmNvbS5iclwvd3AtY29udGVudFwvdXBsb2Fkc1wvMjAyM1wvMDlcL2xvZ28tdGVvZmlsby1vdG9uaS5wbmciLCJzbGlkZXNob3ciOiJmNTc5MDRhIn0%3D\" href=\"https:\/\/lucas648.com.br\/wp-content\/uploads\/2023\/09\/logo-teofilo-otoni.png\"><figure class=\"swiper-slide-inner\"><img decoding=\"async\" class=\"swiper-slide-image\" src=\"https:\/\/lucas648.com.br\/wp-content\/uploads\/2023\/09\/logo-teofilo-otoni.png\" alt=\"logo-teofilo-otoni\" \/><\/figure><\/a><\/div>\t\t\t<\/div>\n\t\t\t\t\t\t\t\t\t\t\t\t<div class=\"elementor-swiper-button elementor-swiper-button-prev\" role=\"button\" tabindex=\"0\">\n\t\t\t\t\t\t<i aria-hidden=\"true\" class=\"eicon-chevron-left\"><\/i>\t\t\t\t\t<\/div>\n\t\t\t\t\t<div class=\"elementor-swiper-button elementor-swiper-button-next\" role=\"button\" tabindex=\"0\">\n\t\t\t\t\t\t<i aria-hidden=\"true\" class=\"eicon-chevron-right\"><\/i>\t\t\t\t\t<\/div>\n\t\t\t\t\n\t\t\t\t\t\t\t\t\t<div class=\"swiper-pagination\"><\/div>\n\t\t\t\t\t\t\t\t\t<\/div>\n\t\t\t\t<\/div>\n\t\t\t\t<\/div>\n\t\t\t\t\t<\/div>\n\t\t<\/div>\n\t\t\t\t\t\t\t<\/div>\n\t\t<\/section>\n\t\t\t\t<section class=\"elementor-section elementor-top-section elementor-element elementor-element-29aecec8 elementor-section-content-middle elementor-section-boxed elementor-section-height-default elementor-section-height-default\" data-id=\"29aecec8\" data-element_type=\"section\" data-settings=\"{&quot;background_background&quot;:&quot;classic&quot;}\">\n\t\t\t\t\t\t<div class=\"elementor-container elementor-column-gap-default\">\n\t\t\t\t\t<div class=\"elementor-column elementor-col-100 elementor-top-column elementor-element elementor-element-223e6845\" data-id=\"223e6845\" data-element_type=\"column\">\n\t\t\t<div class=\"elementor-widget-wrap elementor-element-populated\">\n\t\t\t\t\t\t\t\t<div class=\"elementor-element elementor-element-1bda5b63 elementor-widget-mobile__width-initial elementor-widget elementor-widget-heading\" data-id=\"1bda5b63\" data-element_type=\"widget\" data-widget_type=\"heading.default\">\n\t\t\t\t<div class=\"elementor-widget-container\">\n\t\t\t<style>\/*! elementor - v3.17.0 - 08-11-2023 *\/\n.elementor-heading-title{padding:0;margin:0;line-height:1}.elementor-widget-heading .elementor-heading-title[class*=elementor-size-]>a{color:inherit;font-size:inherit;line-height:inherit}.elementor-widget-heading .elementor-heading-title.elementor-size-small{font-size:15px}.elementor-widget-heading .elementor-heading-title.elementor-size-medium{font-size:19px}.elementor-widget-heading .elementor-heading-title.elementor-size-large{font-size:29px}.elementor-widget-heading .elementor-heading-title.elementor-size-xl{font-size:39px}.elementor-widget-heading .elementor-heading-title.elementor-size-xxl{font-size:59px}<\/style><h2 class=\"elementor-heading-title elementor-size-default\">Conte com o nosso apoio nos momentos de crise.<\/h2>\t\t<\/div>\n\t\t\t\t<\/div>\n\t\t\t\t<div class=\"elementor-element elementor-element-7a3e769b elementor-align-center elementor-widget-mobile__width-inherit elementor-mobile-align-center elementor-widget elementor-widget-button\" data-id=\"7a3e769b\" data-element_type=\"widget\" data-widget_type=\"button.default\">\n\t\t\t\t<div class=\"elementor-widget-container\">\n\t\t\t\t\t<div class=\"elementor-button-wrapper\">\n\t\t\t<a class=\"elementor-button elementor-button-link elementor-size-sm\" href=\"https:\/\/lucas648.com.br\/index.php\/contato\/\">\n\t\t\t\t\t\t<span class=\"elementor-button-content-wrapper\">\n\t\t\t\t\t\t<span class=\"elementor-button-text\">Clique aqui e pe\u00e7a uma proposta<\/span>\n\t\t<\/span>\n\t\t\t\t\t<\/a>\n\t\t<\/div>\n\t\t\t\t<\/div>\n\t\t\t\t<\/div>\n\t\t\t\t\t<\/div>\n\t\t<\/div>\n\t\t\t\t\t\t\t<\/div>\n\t\t<\/section>\n\t\t\t\t\t\t\t<\/div>\n\t\t","protected":false},"excerpt":{"rendered":"<p>Previous image Next image Conte com o nosso apoio nos momentos de crise. Clique aqui e pe\u00e7a uma proposta<\/p>\n","protected":false},"author":1,"featured_media":0,"parent":0,"menu_order":0,"comment_status":"closed","ping_status":"closed","template":"blank-template.php","meta":{"footnotes":""},"yoast_head":"<!-- This site is optimized with the Yoast SEO plugin v21.5 - https:\/\/yoast.com\/wordpress\/plugins\/seo\/ -->\n<title>CLIENTES - Lucas648<\/title>\n<meta name=\"robots\" content=\"index, follow, max-snippet:-1, max-image-preview:large, max-video-preview:-1\" \/>\n<link rel=\"canonical\" href=\"https:\/\/lucas648.com.br\/index.php\/clientes\/\" \/>\n<meta property=\"og:locale\" content=\"pt_BR\" \/>\n<meta property=\"og:type\" content=\"article\" \/>\n<meta property=\"og:title\" content=\"CLIENTES - Lucas648\" \/>\n<meta property=\"og:description\" content=\"Previous image Next image Conte com o nosso apoio nos momentos de crise. Clique aqui e pe\u00e7a uma proposta\" \/>\n<meta property=\"og:url\" content=\"https:\/\/lucas648.com.br\/index.php\/clientes\/\" \/>\n<meta property=\"og:site_name\" content=\"Lucas648\" \/>\n<meta property=\"article:modified_time\" content=\"2023-09-05T17:41:51+00:00\" \/>\n<meta property=\"og:image\" content=\"https:\/\/lucas648.com.br\/wp-content\/uploads\/2023\/08\/InstaRain.webp\" \/>\n<meta name=\"twitter:card\" content=\"summary_large_image\" \/>\n<script type=\"application\/ld+json\" class=\"yoast-schema-graph\">{\"@context\":\"https:\/\/schema.org\",\"@graph\":[{\"@type\":\"WebPage\",\"@id\":\"https:\/\/lucas648.com.br\/index.php\/clientes\/\",\"url\":\"https:\/\/lucas648.com.br\/index.php\/clientes\/\",\"name\":\"CLIENTES - Lucas648\",\"isPartOf\":{\"@id\":\"https:\/\/lucas648.com.br\/#website\"},\"datePublished\":\"2023-08-03T14:49:41+00:00\",\"dateModified\":\"2023-09-05T17:41:51+00:00\",\"breadcrumb\":{\"@id\":\"https:\/\/lucas648.com.br\/index.php\/clientes\/#breadcrumb\"},\"inLanguage\":\"pt-BR\",\"potentialAction\":[{\"@type\":\"ReadAction\",\"target\":[\"https:\/\/lucas648.com.br\/index.php\/clientes\/\"]}]},{\"@type\":\"BreadcrumbList\",\"@id\":\"https:\/\/lucas648.com.br\/index.php\/clientes\/#breadcrumb\",\"itemListElement\":[{\"@type\":\"ListItem\",\"position\":1,\"name\":\"In\u00edcio\",\"item\":\"https:\/\/lucas648.com.br\/\"},{\"@type\":\"ListItem\",\"position\":2,\"name\":\"CLIENTES\"}]},{\"@type\":\"WebSite\",\"@id\":\"https:\/\/lucas648.com.br\/#website\",\"url\":\"https:\/\/lucas648.com.br\/\",\"name\":\"Lucas648\",\"description\":\"Consultoria em gest\u00e3o de desastre e capta\u00e7\u00e3o de recursos.\",\"publisher\":{\"@id\":\"https:\/\/lucas648.com.br\/#organization\"},\"potentialAction\":[{\"@type\":\"SearchAction\",\"target\":{\"@type\":\"EntryPoint\",\"urlTemplate\":\"https:\/\/lucas648.com.br\/?s={search_term_string}\"},\"query-input\":\"required name=search_term_string\"}],\"inLanguage\":\"pt-BR\"},{\"@type\":\"Organization\",\"@id\":\"https:\/\/lucas648.com.br\/#organization\",\"name\":\"Lucas648\",\"url\":\"https:\/\/lucas648.com.br\/\",\"logo\":{\"@type\":\"ImageObject\",\"inLanguage\":\"pt-BR\",\"@id\":\"https:\/\/lucas648.com.br\/#\/schema\/logo\/image\/\",\"url\":\"https:\/\/lucas648.com.br\/wp-content\/uploads\/2023\/09\/pagina4.png\",\"contentUrl\":\"https:\/\/lucas648.com.br\/wp-content\/uploads\/2023\/09\/pagina4.png\",\"width\":600,\"height\":600,\"caption\":\"Lucas648\"},\"image\":{\"@id\":\"https:\/\/lucas648.com.br\/#\/schema\/logo\/image\/\"}}]}<\/script>\n<!-- \/ Yoast SEO plugin. -->","yoast_head_json":{"title":"CLIENTES - Lucas648","robots":{"index":"index","follow":"follow","max-snippet":"max-snippet:-1","max-image-preview":"max-image-preview:large","max-video-preview":"max-video-preview:-1"},"canonical":"https:\/\/lucas648.com.br\/index.php\/clientes\/","og_locale":"pt_BR","og_type":"article","og_title":"CLIENTES - Lucas648","og_description":"Previous image Next image Conte com o nosso apoio nos momentos de crise. Clique aqui e pe\u00e7a uma proposta","og_url":"https:\/\/lucas648.com.br\/index.php\/clientes\/","og_site_name":"Lucas648","article_modified_time":"2023-09-05T17:41:51+00:00","og_image":[{"url":"https:\/\/lucas648.com.br\/wp-content\/uploads\/2023\/08\/InstaRain.webp"}],"twitter_card":"summary_large_image","schema":{"@context":"https:\/\/schema.org","@graph":[{"@type":"WebPage","@id":"https:\/\/lucas648.com.br\/index.php\/clientes\/","url":"https:\/\/lucas648.com.br\/index.php\/clientes\/","name":"CLIENTES - Lucas648","isPartOf":{"@id":"https:\/\/lucas648.com.br\/#website"},"datePublished":"2023-08-03T14:49:41+00:00","dateModified":"2023-09-05T17:41:51+00:00","breadcrumb":{"@id":"https:\/\/lucas648.com.br\/index.php\/clientes\/#breadcrumb"},"inLanguage":"pt-BR","potentialAction":[{"@type":"ReadAction","target":["https:\/\/lucas648.com.br\/index.php\/clientes\/"]}]},{"@type":"BreadcrumbList","@id":"https:\/\/lucas648.com.br\/index.php\/clientes\/#breadcrumb","itemListElement":[{"@type":"ListItem","position":1,"name":"In\u00edcio","item":"https:\/\/lucas648.com.br\/"},{"@type":"ListItem","position":2,"name":"CLIENTES"}]},{"@type":"WebSite","@id":"https:\/\/lucas648.com.br\/#website","url":"https:\/\/lucas648.com.br\/","name":"Lucas648","description":"Consultoria em gest\u00e3o de desastre e capta\u00e7\u00e3o de recursos.","publisher":{"@id":"https:\/\/lucas648.com.br\/#organization"},"potentialAction":[{"@type":"SearchAction","target":{"@type":"EntryPoint","urlTemplate":"https:\/\/lucas648.com.br\/?s={search_term_string}"},"query-input":"required name=search_term_string"}],"inLanguage":"pt-BR"},{"@type":"Organization","@id":"https:\/\/lucas648.com.br\/#organization","name":"Lucas648","url":"https:\/\/lucas648.com.br\/","logo":{"@type":"ImageObject","inLanguage":"pt-BR","@id":"https:\/\/lucas648.com.br\/#\/schema\/logo\/image\/","url":"https:\/\/lucas648.com.br\/wp-content\/uploads\/2023\/09\/pagina4.png","contentUrl":"https:\/\/lucas648.com.br\/wp-content\/uploads\/2023\/09\/pagina4.png","width":600,"height":600,"caption":"Lucas648"},"image":{"@id":"https:\/\/lucas648.com.br\/#\/schema\/logo\/image\/"}}]}},"_links":{"self":[{"href":"https:\/\/lucas648.com.br\/index.php\/wp-json\/wp\/v2\/pages\/6423"}],"collection":[{"href":"https:\/\/lucas648.com.br\/index.php\/wp-json\/wp\/v2\/pages"}],"about":[{"href":"https:\/\/lucas648.com.br\/index.php\/wp-json\/wp\/v2\/types\/page"}],"author":[{"embeddable":true,"href":"https:\/\/lucas648.com.br\/index.php\/wp-json\/wp\/v2\/users\/1"}],"replies":[{"embeddable":true,"href":"https:\/\/lucas648.com.br\/index.php\/wp-json\/wp\/v2\/comments?post=6423"}],"version-history":[{"count":13,"href":"https:\/\/lucas648.com.br\/index.php\/wp-json\/wp\/v2\/pages\/6423\/revisions"}],"predecessor-version":[{"id":6831,"href":"https:\/\/lucas648.com.br\/index.php\/wp-json\/wp\/v2\/pages\/6423\/revisions\/6831"}],"wp:attachment":[{"href":"https:\/\/lucas648.com.br\/index.php\/wp-json\/wp\/v2\/media?parent=6423"}],"curies":[{"name":"wp","href":"https:\/\/api.w.org\/{rel}","templated":true}]}}